{"id":728,"date":"2022-12-10T18:22:07","date_gmt":"2022-12-10T17:22:07","guid":{"rendered":"https:\/\/jumavis.com\/?page_id=728"},"modified":"2025-11-20T18:57:36","modified_gmt":"2025-11-20T17:57:36","slug":"ueber-uns","status":"publish","type":"page","link":"https:\/\/foto-repro-webdesign.de\/jumavis\/ueber-uns\/","title":{"rendered":"Unternehmen &#8211; \u00dcber uns"},"content":{"rendered":"\n<div style=\"height:90px\" aria-hidden=\"true\" class=\"wp-block-spacer\"><\/div>\n\n\n\n<section id=\"gm4ff1248\" class=\"wp-block-gutentor-m3 section-gm4ff1248 gutentor-module gutentor-container-cover\"><div class=\"grid-container\">\n<h2 class=\"wp-block-heading\">Das Unternehmen<\/h2>\n\n\n\n<p>Die <strong>jumavis\u00ae<\/strong> GmbH wurde 2022 gegr\u00fcndet, ist also ein junges Unternehmen, das schon zu Beginn auf einen gro\u00dfen Erfahrungsschatz zur\u00fcckgreifen konnte.<\/p>\n\n\n\n<p>\u201eGr\u00fcnderin\u201c Dipl.-Ing. (FH) Johanna Unrath studierte Vermessung\/Geoinformatik und hatte schon immer ein Faible f\u00fcr Genauigkeit. Seit 2005 ist sie in der Industriemesstechnik t\u00e4tig und hat in dieser Zeit eine Vielzahl von Aufgabenstellungen analysiert, L\u00f6sungskonzeptionen erarbeitet und sich so in den Jahren eine gro\u00dfe Expertise aufgebaut.<\/p>\n\n\n\n<p>Ihre Branchen-Kenntnisse vertiefte Johanna Unrath \u00fcber 17 Jahre im Gesch\u00e4ftsbereich \u201eIndustrielle Bildverarbeitung\u201c der Polytec GmbH in Waldbronn.<\/p>\n\n\n\n<p>Von Anfang an wurde Johanna Unrath von Ihrem Mann Wolfgang Unrath unterst\u00fctzt. Somit handelt es sich bei <strong>jumavis\u00ae<\/strong> um ein \u201eechtes\u201c Familienunternehmen, das auf ein nachhaltiges und organisches Wachstum setzt.<\/p>\n\n\n\n<p>Zum <strong>jumavis\u00ae<\/strong>-Team geh\u00f6ren hochqualifizierte Mitarbeiter mit Erfahrung in der \u201eIndustrielle Bildverarbeitung\u201c und im internationalen Gesch\u00e4ft, so dass mehrsprachige Beratung und Korrespondenz, eine zuverl\u00e4ssige Auftragsabwicklung und ein weltweiter Versand garantiert sind.<\/p>\n\n\n\n<p><strong>jumavis\u00ae<\/strong> hat sich hohe Ziele gesetzt und versteht sich als nachhaltiges Unternehmen, das<\/p>\n\n\n\n<ul class=\"wp-block-list\">\n<li>eine hohe Kundenzufriedenheit f\u00fcr langj\u00e4hrige Gesch\u00e4ftsbeziehungen anstrebt,<\/li>\n\n\n\n<li>eine vertrauensvolle Zusammenarbeit mit seinen Lieferanten pflegt,<\/li>\n\n\n\n<li>seinen Mitarbeitern stets Respekt und Wertsch\u00e4tzung entgegenbringt,<\/li>\n\n\n\n<li>zum Schutz der Umwelt ressourcenschonend arbeitet,<\/li>\n\n\n\n<li>durch effiziente Prozesse in der Auftragsabwicklung eine hohe Prozessgeschwindigkeit zu geringen Kosten erreicht und<\/li>\n\n\n\n<li>durch die Zusammenarbeit mit zertifizierten Partnern eine hohe IT-Sicherheit anstrebt.<\/li>\n<\/ul>\n\n\n\n<p><strong>jumavis\u00ae<\/strong> ist Mitglied im <a href=\"https:\/\/www.vdma.org\/\" target=\"_blank\" rel=\"noreferrer noopener\"><strong>VDMA<\/strong><\/a>.<\/p>\n\n\n\n<p> Die umfassende und gr\u00fcndliche Ausbildung junger Menschen liegt <strong>jumavis\u00ae <\/strong>besonders am Herzen. So \u00fcbernahm das junge Unternehmen im September 2023 eine <strong>F\u00f6rdermitgliedschaft im <\/strong><a href=\"https:\/\/www.vdi.de\" target=\"_blank\" rel=\"noreferrer noopener\"><u><strong>VDI<\/strong><\/u><\/a><a href=\"https:\/\/www.vdi.de\"><\/a> und m\u00f6chte sich in der Zukunft verst\u00e4rkt bem\u00fchen, jungem Ingenieurnachwuchs erweiterte Ausbildungsm\u00f6glichkeiten im Bereich \u201eIndustrieller Bildverarbeitung\u201c zu erm\u00f6glichen und aktiv in den VDI-Arbeitskreisen mitarbeiten.<\/p>\n\n\n\n<p>Seit November 2025 ist <strong>jumavis\u00ae<\/strong> korporatives Mitglied der <a href=\"https:\/\/dgao.de\/\" target=\"_blank\" rel=\"noreferrer noopener\"><strong>DGaO<\/strong><\/a> \u201eDeutsche Gesellschaft f\u00fcr angewandte Optik\u201c, die sich der F\u00f6rderung der angewandten Optik widmet und Bildung, Austausch und Kontakte in diesem wichtigen Anwendungsbereich optischer Systeme unterst\u00fctzt.<\/p>\n\n\n\n<p><\/p>\n\n\n\n<div style=\"height:100px\" aria-hidden=\"true\" class=\"wp-block-spacer\"><\/div>\n<\/div><\/section>\n","protected":false},"excerpt":{"rendered":"","protected":false},"author":1,"featured_media":0,"parent":0,"menu_order":0,"comment_status":"closed","ping_status":"closed","template":"","meta":{"footnotes":""},"class_list":["post-728","page","type-page","status-publish","hentry"],"_links":{"self":[{"href":"https:\/\/foto-repro-webdesign.de\/jumavis\/wp-json\/wp\/v2\/pages\/728","targetHints":{"allow":["GET"]}}],"collection":[{"href":"https:\/\/foto-repro-webdesign.de\/jumavis\/wp-json\/wp\/v2\/pages"}],"about":[{"href":"https:\/\/foto-repro-webdesign.de\/jumavis\/wp-json\/wp\/v2\/types\/page"}],"author":[{"embeddable":true,"href":"https:\/\/foto-repro-webdesign.de\/jumavis\/wp-json\/wp\/v2\/users\/1"}],"replies":[{"embeddable":true,"href":"https:\/\/foto-repro-webdesign.de\/jumavis\/wp-json\/wp\/v2\/comments?post=728"}],"version-history":[{"count":19,"href":"https:\/\/foto-repro-webdesign.de\/jumavis\/wp-json\/wp\/v2\/pages\/728\/revisions"}],"predecessor-version":[{"id":2284,"href":"https:\/\/foto-repro-webdesign.de\/jumavis\/wp-json\/wp\/v2\/pages\/728\/revisions\/2284"}],"wp:attachment":[{"href":"https:\/\/foto-repro-webdesign.de\/jumavis\/wp-json\/wp\/v2\/media?parent=728"}],"curies":[{"name":"wp","href":"https:\/\/api.w.org\/{rel}","templated":true}]}}