{"id":7,"date":"2022-06-27T19:40:45","date_gmt":"2022-06-27T17:40:45","guid":{"rendered":"https:\/\/jumavis.com\/?page_id=7"},"modified":"2024-11-18T18:21:18","modified_gmt":"2024-11-18T17:21:18","slug":"startseite","status":"publish","type":"page","link":"https:\/\/foto-repro-webdesign.de\/jumavis\/","title":{"rendered":"Startseite"},"content":{"rendered":"\n<section id=\"gm410de40\" class=\"wp-block-gutentor-m5 section-gm410de40 gutentor-module gutentor-module-slider\"><div class=\"gutentor-module-slider-row\" data-dots=\"false\" data-dotstablet=\"false\" data-dotsmobile=\"false\" data-nextarrow=\"fas fa-angle-right\" data-prevarrow=\"fas fa-angle-left\" data-arrows=\"false\" data-arrowstablet=\"false\" data-arrowsmobile=\"false\" data-fade=\"true\" data-draggable=\"true\" data-infinite=\"true\" data-autoplay=\"true\" data-pauseonfocus=\"false\" data-pauseonhover=\"true\" data-speed=\"3000\" data-autoplayspeed=\"10000\" data-arrowspositiondesktop=\"gutentor-slick-a-default-desktop\">\n<div id=\"col-gmc14fc7\" class=\"wp-block-gutentor-m5-col col-gmc14fc7 gutentor-slider-item\"><div id=\"section-gmc14fc7\" class=\"section-gmc14fc7 gutentor-col-wrap has-image-normal has-custom-bg\"><img decoding=\"async\" src=\"https:\/\/foto-repro-webdesign.de\/jumavis\/wp-content\/uploads\/2024\/11\/slider_de.jpg\" alt=\"\" \/><div class=\"gutentor-slider-caption\"><div class=\"grid-container\"><\/div><\/div><\/div><\/div>\n\n\n\n<div id=\"col-g-3f0ux09\" class=\"wp-block-gutentor-m5-col col-g-3f0ux09 gutentor-slider-item\"><div id=\"section-g-3f0ux09\" class=\"section-g-3f0ux09 gutentor-col-wrap has-image-normal has-custom-bg\"><img decoding=\"async\" src=\"https:\/\/foto-repro-webdesign.de\/jumavis\/wp-content\/uploads\/2023\/01\/slider_beleuchtung2.jpg\" alt=\"\" \/><div class=\"gutentor-slider-caption\"><div class=\"grid-container\"><\/div><\/div><\/div><\/div>\n\n\n\n<div id=\"col-gmb8f851\" class=\"wp-block-gutentor-m5-col col-gmb8f851 gutentor-slider-item\"><div id=\"section-gmb8f851\" class=\"section-gmb8f851 gutentor-col-wrap has-image-normal has-custom-bg\"><img decoding=\"async\" src=\"https:\/\/foto-repro-webdesign.de\/jumavis\/wp-content\/uploads\/2022\/10\/slider_objektiv.jpg\" alt=\"\" \/><div class=\"gutentor-slider-caption\"><div class=\"grid-container\"><\/div><\/div><\/div><\/div>\n\n\n\n<div id=\"col-gmad5572\" class=\"wp-block-gutentor-m5-col col-gmad5572 gutentor-slider-item\"><div id=\"section-gmad5572\" class=\"section-gmad5572 gutentor-col-wrap has-image-normal has-custom-bg\"><img decoding=\"async\" src=\"https:\/\/foto-repro-webdesign.de\/jumavis\/wp-content\/uploads\/2022\/10\/slider_filter.jpg\" alt=\"\" \/><div class=\"gutentor-slider-caption\"><div class=\"grid-container\"><\/div><\/div><\/div><\/div>\n\n\n\n<div id=\"col-gm13e05a\" class=\"wp-block-gutentor-m5-col col-gm13e05a gutentor-slider-item\"><div id=\"section-gm13e05a\" class=\"section-gm13e05a gutentor-col-wrap has-image-normal has-custom-bg\"><img decoding=\"async\" src=\"https:\/\/foto-repro-webdesign.de\/jumavis\/wp-content\/uploads\/2022\/10\/slider_kamera.jpg\" alt=\"\" \/><div class=\"gutentor-slider-caption\"><div class=\"grid-container\"><\/div><\/div><\/div><\/div>\n\n\n\n<div id=\"col-gm25afaa\" class=\"wp-block-gutentor-m5-col col-gm25afaa gutentor-slider-item\"><div id=\"section-gm25afaa\" class=\"section-gm25afaa gutentor-col-wrap has-image-normal has-custom-bg\"><img decoding=\"async\" src=\"https:\/\/foto-repro-webdesign.de\/jumavis\/wp-content\/uploads\/2022\/10\/slider_gehaeuse.jpg\" alt=\"\" \/><div class=\"gutentor-slider-caption\"><div class=\"grid-container\"><\/div><\/div><\/div><\/div>\n\n\n\n<div id=\"col-gm435d14\" class=\"wp-block-gutentor-m5-col col-gm435d14 gutentor-slider-item\"><div id=\"section-gm435d14\" class=\"section-gm435d14 gutentor-col-wrap has-image-normal has-custom-bg\"><img decoding=\"async\" src=\"https:\/\/foto-repro-webdesign.de\/jumavis\/wp-content\/uploads\/2022\/10\/slider_sensor.jpg\" alt=\"\" \/><div class=\"gutentor-slider-caption\"><div class=\"grid-container\"><\/div><\/div><\/div><\/div>\n\n\n\n<div id=\"col-gm3f7b16\" class=\"wp-block-gutentor-m5-col col-gm3f7b16 gutentor-slider-item\"><div id=\"section-gm3f7b16\" class=\"section-gm3f7b16 gutentor-col-wrap has-image-normal has-custom-bg\"><img decoding=\"async\" src=\"https:\/\/foto-repro-webdesign.de\/jumavis\/wp-content\/uploads\/2024\/11\/de_slider_computer.jpg\" alt=\"\" \/><div class=\"gutentor-slider-caption\"><div class=\"grid-container\"><\/div><\/div><\/div><\/div>\n\n\n\n<div id=\"col-g-12nvege\" class=\"wp-block-gutentor-m5-col col-g-12nvege gutentor-slider-item\"><div id=\"section-g-12nvege\" class=\"section-g-12nvege gutentor-col-wrap has-image-normal has-custom-bg\"><img decoding=\"async\" src=\"https:\/\/foto-repro-webdesign.de\/jumavis\/wp-content\/uploads\/2022\/10\/slider_soft.jpg\" alt=\"\" \/><div class=\"gutentor-slider-caption\"><div class=\"grid-container\"><\/div><\/div><\/div><\/div>\n<\/div><\/section>\n\n\n\n<div style=\"height:50px\" aria-hidden=\"true\" class=\"wp-block-spacer\"><\/div>\n\n\n\n<h2 class=\"wp-block-heading has-text-align-center has-text-color\" style=\"color:#004f9f\">Intelligente Bilderkennung<\/h2>\n\n\n\n<h3 class=\"wp-block-heading has-text-align-center has-text-color\" style=\"color:#004f9f\">pr\u00e4zise \u2022 zuverl\u00e4ssig \u2022 wirtschaftlich<\/h3>\n\n\n\n<div style=\"height:20px\" aria-hidden=\"true\" class=\"wp-block-spacer\"><\/div>\n\n\n\n<section id=\"gm6662aee\" class=\"wp-block-gutentor-m2 section-gm6662aee gutentor-module gutentor-dynamic-columns\"><div class=\"grid-container\"><div class=\"grid-row\">\n<div id=\"col-gm27303d\" class=\"wp-block-gutentor-m2-col col-gm27303d gutentor-module gutentor-dynamic-single-column grid-lg-6 grid-md-6 grid-12\"><div id=\"section-gm27303d\" class=\"section-gm27303d gutentor-single-col\">\n<p>Automation braucht zuverl\u00e4ssige Kontrolle. F\u00fcr die Qualit\u00e4ts\u00fcberwachung vieler Fertigungsvorg\u00e4nge sind optische Erfassungs- und Auswertungssysteme die ideale L\u00f6sung. pr\u00e4zise \u2013 zuverl\u00e4ssig \u2013 wirtschaftlich.<\/p>\n\n\n\n<p><strong>jumavis\u00ae optical quality control <\/strong>ist spezialisiert auf Bilderfassung, Bilderkennung und Auswertung und bietet von der Analyse der Aufgabenstellung bis zur Planung<\/p>\n<\/div><\/div>\n\n\n\n<div id=\"col-gm743c15\" class=\"wp-block-gutentor-m2-col col-gm743c15 gutentor-module gutentor-dynamic-single-column grid-lg-6 grid-md-6 grid-12\"><div id=\"section-gm743c15\" class=\"section-gm743c15 gutentor-single-col\">\n<p>und Auswahl der vielf\u00e4ltigen Komponenten Know-how, Erfahrung und Kreativit\u00e4t. Unsere Mitarbeiter sind vertraut mit diesem dynamischen Markt, der sich in Richtung \u201eMachine Learning\u201c und \u201eKI\u201c entwickelt.<\/p>\n\n\n\n<p><strong>jumavis\u00ae<\/strong> begleitet seine Kunden bis zur Inbetriebnahme und Validierung und bietet umfassende L\u00f6sungen f\u00fcr alle Fragen der optischen Qualit\u00e4tskontrolle.<\/p>\n<\/div><\/div>\n<\/div><\/div><\/section>\n\n\n\n<div style=\"height:50px\" aria-hidden=\"true\" class=\"wp-block-spacer\"><\/div>\n\n\n\n<section id=\"g-j21gjjg\" class=\"wp-block-gutentor-m3 section-g-j21gjjg gutentor-module gutentor-container-cover has-color-bg has-custom-bg\"><div class=\"grid-container\">\n<div style=\"height:30px\" aria-hidden=\"true\" class=\"wp-block-spacer\"><\/div>\n\n\n\n<h2 class=\"wp-block-heading has-text-align-center\">News<\/h2>\n\n\n\n<p class=\"has-text-align-center\">Wir m\u00f6chten Sie sehr gerne mit dem \u201ejumavis-Newsletter\u201c gezielt \u00fcber wichtige Entwicklungen und neue Produkte im Feld der industriellen Bildverarbeitung informieren. <br>Sie erhalten nur wichtige Informationen, die Sie wirklich weiterbringen.<\/p>\n\n\n\n<p class=\"has-text-align-center\"><\/p>\n\n\n\n<p class=\"has-text-align-center\">Melden Sie sich am besten gleich an, um keine unserer Neuigkeiten zu verpassen.<\/p>\n\n\n\n<p class=\"has-text-align-center has-black-color has-text-color has-link-color wp-elements-4af545a04b014edfa6a03f535ea56348\"><strong><a href=\"https:\/\/web.inxmail.com\/jumavis\/jumavis_anmeldung-de.jsp\" target=\"_blank\" rel=\"noreferrer noopener\">Hier geht\u2018s zum &#8222;jumavis-Newsletter&#8220;<\/a><\/strong><\/p>\n\n\n<section class=\"gutentor-section gutentor-blog-post-wrapper blog-template1 wp-block-gutentor-blog-post  has-color-bg has-custom-bg\" id=\"section-g-udslip1\">\n<div class='grid-container'><div class=\"gutentor-block-header\"><\/div><div class='gutentor-grid-item-wrap '><div class='grid-row '><article class='gutentor-post-has-thumb  grid-lg-4 grid-md-12 grid-12 blog-grid'><div class=\"gutentor-single-item\"><div class=\"gutentor-single-item-image-box\"><div class=\"gutentor-image-thumb\"><img loading=\"lazy\" decoding=\"async\" width=\"640\" height=\"381\" src=\"https:\/\/foto-repro-webdesign.de\/jumavis\/wp-content\/uploads\/2026\/03\/News-18-Titel-Unrath-Wegener.jpg\" class=\"attachment- size- wp-post-image\" alt=\"\" \/><\/div><\/div><div class=\"gutentor-post-content\"><h3 class=\"gutentor-single-item-title\"><a href=\"https:\/\/foto-repro-webdesign.de\/jumavis\/ein-bedeutender-schritt-in-die-zukunft\/\" rel=\"bookmark\">Ein bedeutender Schritt in die Zukunft<\/a><\/h3><div class=\"entry-meta\"><div class=\"posted-on\"><i class=\"far fa-calendar-alt\"><\/i><a href=\"https:\/\/foto-repro-webdesign.de\/jumavis\/ein-bedeutender-schritt-in-die-zukunft\/\" rel=\"bookmark\">2026-03-09<\/a><\/div><\/div><div class=\"gutentor-post-excerpt gutentor-single-item-desc\"><p class='gutentor-single-item-desc'>Strategische Partnerschaft zwischen jumavis GmbH und Vision &amp; Control\n\n\n\nVor kurzem hatte die Ge&hellip;<\/p><\/div><a class=\"gutentor-button gutentor-single-item-button gutentor-icon-hide\" href=\"https:\/\/foto-repro-webdesign.de\/jumavis\/ein-bedeutender-schritt-in-die-zukunft\/\"><i class=\"gutentor-button-icon fas fa-book\"><\/i><span>weiterlesen<\/span><\/a><\/div><\/div><\/article><article class='gutentor-post-has-thumb  grid-lg-4 grid-md-12 grid-12 blog-grid'><div class=\"gutentor-single-item\"><div class=\"gutentor-single-item-image-box\"><div class=\"gutentor-image-thumb\"><img loading=\"lazy\" decoding=\"async\" width=\"640\" height=\"381\" src=\"https:\/\/foto-repro-webdesign.de\/jumavis\/wp-content\/uploads\/2026\/03\/News-17-Titel.jpg\" class=\"attachment- size- wp-post-image\" alt=\"\" \/><\/div><\/div><div class=\"gutentor-post-content\"><h3 class=\"gutentor-single-item-title\"><a href=\"https:\/\/foto-repro-webdesign.de\/jumavis\/waldbronns-buergermeister-besucht-jumavis\/\" rel=\"bookmark\">Waldbronns B\u00fcrgermeister besucht jumavis\u00ae<\/a><\/h3><div class=\"entry-meta\"><div class=\"posted-on\"><i class=\"far fa-calendar-alt\"><\/i><a href=\"https:\/\/foto-repro-webdesign.de\/jumavis\/waldbronns-buergermeister-besucht-jumavis\/\" rel=\"bookmark\">2026-03-02<\/a><\/div><\/div><div class=\"gutentor-post-excerpt gutentor-single-item-desc\"><p class='gutentor-single-item-desc'>Vor kurzem durften wir den B\u00fcrgermeister unserer Gemeinde, Christian Stalf, in unserem Unternehmen b&hellip;<\/p><\/div><a class=\"gutentor-button gutentor-single-item-button gutentor-icon-hide\" href=\"https:\/\/foto-repro-webdesign.de\/jumavis\/waldbronns-buergermeister-besucht-jumavis\/\"><i class=\"gutentor-button-icon fas fa-book\"><\/i><span>weiterlesen<\/span><\/a><\/div><\/div><\/article><article class='gutentor-post-has-thumb  grid-lg-4 grid-md-12 grid-12 blog-grid'><div class=\"gutentor-single-item\"><div class=\"gutentor-single-item-image-box\"><div class=\"gutentor-image-thumb\"><img loading=\"lazy\" decoding=\"async\" width=\"640\" height=\"381\" src=\"https:\/\/foto-repro-webdesign.de\/jumavis\/wp-content\/uploads\/2025\/10\/News-16-GEFASOFT-DE.jpg\" class=\"attachment- size- wp-post-image\" alt=\"\" \/><\/div><\/div><div class=\"gutentor-post-content\"><h3 class=\"gutentor-single-item-title\"><a href=\"https:\/\/foto-repro-webdesign.de\/jumavis\/das-optimale-licht-zur-rechten-zeit-am-rechten-platz\/\" rel=\"bookmark\">Das optimale Licht \u2013 zur rechten Zeit am rechten Platz<\/a><\/h3><div class=\"entry-meta\"><div class=\"posted-on\"><i class=\"far fa-calendar-alt\"><\/i><a href=\"https:\/\/foto-repro-webdesign.de\/jumavis\/das-optimale-licht-zur-rechten-zeit-am-rechten-platz\/\" rel=\"bookmark\">2025-10-06<\/a><\/div><\/div><div class=\"gutentor-post-excerpt gutentor-single-item-desc\"><p class='gutentor-single-item-desc'>Eine effiziente optische Qualit\u00e4tskontrolle braucht optimale Daten. Nur was \u201egesehen\u201c wird, kann aus&hellip;<\/p><\/div><a class=\"gutentor-button gutentor-single-item-button gutentor-icon-hide\" href=\"https:\/\/foto-repro-webdesign.de\/jumavis\/das-optimale-licht-zur-rechten-zeit-am-rechten-platz\/\"><i class=\"gutentor-button-icon fas fa-book\"><\/i><span>weiterlesen<\/span><\/a><\/div><\/div><\/article><\/div><\/div><\/div><\/section><\/div><\/section>\n\n\n\n<div style=\"height:181px\" aria-hidden=\"true\" class=\"wp-block-spacer\"><\/div>\n\n\n\n<section id=\"gm802cb7f\" class=\"wp-block-gutentor-m2 section-gm802cb7f gutentor-module gutentor-dynamic-columns\"><div class=\"grid-container\"><div class=\"grid-row\">\n<div id=\"col-gm2e6815\" class=\"wp-block-gutentor-m2-col col-gm2e6815 gutentor-module gutentor-dynamic-single-column grid-lg-12 grid-md-4 grid-12\"><div id=\"section-gm2e6815\" class=\"section-gm2e6815 gutentor-single-col\"><\/div><\/div>\n<\/div><\/div><\/section>\n\n\n\n<div style=\"height:78px\" aria-hidden=\"true\" class=\"wp-block-spacer\"><\/div>\n","protected":false},"excerpt":{"rendered":"<p>Intelligente Bilderkennung pr\u00e4zise \u2022 zuverl\u00e4ssig \u2022 wirtschaftlich<\/p>\n","protected":false},"author":1,"featured_media":0,"parent":0,"menu_order":0,"comment_status":"closed","ping_status":"closed","template":"","meta":{"footnotes":""},"class_list":["post-7","page","type-page","status-publish","hentry"],"_links":{"self":[{"href":"https:\/\/foto-repro-webdesign.de\/jumavis\/wp-json\/wp\/v2\/pages\/7","targetHints":{"allow":["GET"]}}],"collection":[{"href":"https:\/\/foto-repro-webdesign.de\/jumavis\/wp-json\/wp\/v2\/pages"}],"about":[{"href":"https:\/\/foto-repro-webdesign.de\/jumavis\/wp-json\/wp\/v2\/types\/page"}],"author":[{"embeddable":true,"href":"https:\/\/foto-repro-webdesign.de\/jumavis\/wp-json\/wp\/v2\/users\/1"}],"replies":[{"embeddable":true,"href":"https:\/\/foto-repro-webdesign.de\/jumavis\/wp-json\/wp\/v2\/comments?post=7"}],"version-history":[{"count":572,"href":"https:\/\/foto-repro-webdesign.de\/jumavis\/wp-json\/wp\/v2\/pages\/7\/revisions"}],"predecessor-version":[{"id":1939,"href":"https:\/\/foto-repro-webdesign.de\/jumavis\/wp-json\/wp\/v2\/pages\/7\/revisions\/1939"}],"wp:attachment":[{"href":"https:\/\/foto-repro-webdesign.de\/jumavis\/wp-json\/wp\/v2\/media?parent=7"}],"curies":[{"name":"wp","href":"https:\/\/api.w.org\/{rel}","templated":true}]}}