{"id":695,"date":"2022-12-10T12:48:15","date_gmt":"2022-12-10T11:48:15","guid":{"rendered":"https:\/\/jumavis.com\/?page_id=695"},"modified":"2025-04-14T18:14:52","modified_gmt":"2025-04-14T16:14:52","slug":"software","status":"publish","type":"page","link":"https:\/\/foto-repro-webdesign.de\/jumavis\/software\/","title":{"rendered":"Software"},"content":{"rendered":"\n<section id=\"gmf224e66\" class=\"wp-block-gutentor-m3 section-gmf224e66 gutentor-module gutentor-container-cover\"><div class=\"grid-container\">\n<div style=\"height:50px\" aria-hidden=\"true\" class=\"wp-block-spacer\"><\/div>\n\n\n<div class=\"breadcrumbs align  wp-block-bcn-breadcrumb-trail has-text-color has-background\">\n\t<span><\/span>\n\tjumavis\u00ae<\/div>\n\n\n\n<h2 class=\"wp-block-heading\">Software \u2013 das \u201eGehirn\u201c der optischen Qualit\u00e4tskontrolle<\/h2>\n\n\n\n<p>Mit der Software steht und f\u00e4llt die Validit\u00e4t, Reliabilit\u00e4t und Utilit\u00e4t eines jeden komplexen Bildverarbeitungssystems. Hier kommt es vor allem auf Qualit\u00e4t und Schnelligkeit der Signalverarbeitung und des Soll-Ist-Vergleichs an. Klarheit, Logik und Struktur in Oberfl\u00e4che und Men\u00fcf\u00fchrung erleichtern die Implementierung in Ihre Fertigungsprozesse. Die Einfachheit der Bedienung geh\u00f6rt zu den wichtigsten Eigenschaften, denn das beste Bildverarbeitungssystem kann nur dann richtig eingesetzt werden, wenn Ihre Mitarbeiter auch gut damit zurechtkommen.<\/p>\n\n\n\n<p><strong>jumavis<\/strong><sup><strong>\u00ae<\/strong><\/sup> hat auch in diesem sensiblen Feld Erfahrung und kann Sie sicher und zuverl\u00e4ssig in der Auswahl der richtigen Software f\u00fcr Ihre Anforderungen begleiten.<\/p>\n\n\n\n<div id=\"section-g722879\" class=\"wp-block-gutentor-e2 section-g722879 gutentor-element gutentor-element-button\"><span class=\"gutentor-button-wrap\"><a class=\"gutentor-button gutentor-block-button gutentor-icon-hide\" href=\"https:\/\/foto-repro-webdesign.de\/jumavis\/kontakt\/\"><i class=\"gutentor-button-icon fas fa-book\"><\/i><span>Wir freuen uns auf Ihre Anfrage<\/span><\/a><\/span><\/div>\n\n\n\n<div style=\"height:100px\" aria-hidden=\"true\" class=\"wp-block-spacer\"><\/div>\n\n\n\n<h3 class=\"wp-block-heading\">Wir arbeiten mit folgenden Partnern zusammen:<\/h3>\n\n\n\n<div style=\"height:20px\" aria-hidden=\"true\" class=\"wp-block-spacer\"><\/div>\n\n\n\n<section id=\"gmee3e08a\" class=\"wp-block-gutentor-m2 section-gmee3e08a gutentor-module gutentor-dynamic-columns\"><div class=\"grid-container\"><div class=\"grid-row\">\n<div id=\"col-gm2eb915\" class=\"wp-block-gutentor-m2-col col-gm2eb915 gutentor-module gutentor-dynamic-single-column grid-lg-3 grid-md-6 grid-12\"><div id=\"section-gm2eb915\" class=\"section-gm2eb915 gutentor-single-col\">\n<figure class=\"wp-block-image size-full\"><a href=\"https:\/\/www.deltapix.dk\/de\/\" target=\"_blank\" rel=\"noreferrer noopener\"><img loading=\"lazy\" decoding=\"async\" width=\"570\" height=\"422\" src=\"https:\/\/foto-repro-webdesign.de\/jumavis\/wp-content\/uploads\/2023\/09\/Logo_DeltaPix.jpg\" alt=\"\" class=\"wp-image-1689\" srcset=\"https:\/\/foto-repro-webdesign.de\/jumavis\/wp-content\/uploads\/2023\/09\/Logo_DeltaPix.jpg 570w, https:\/\/foto-repro-webdesign.de\/jumavis\/wp-content\/uploads\/2023\/09\/Logo_DeltaPix-300x222.jpg 300w\" sizes=\"auto, (max-width: 570px) 100vw, 570px\" \/><\/a><\/figure>\n<\/div><\/div>\n\n\n\n<div id=\"col-g-t4ntita\" class=\"wp-block-gutentor-m2-col col-g-t4ntita gutentor-module gutentor-dynamic-single-column grid-lg-3 grid-md-6 grid-12\"><div id=\"section-g-t4ntita\" class=\"section-g-t4ntita gutentor-single-col\">\n<figure class=\"wp-block-image size-full\"><a href=\"https:\/\/www.euresys.com\/de\/\" target=\"_blank\" rel=\" noreferrer noopener\"><img loading=\"lazy\" decoding=\"async\" width=\"570\" height=\"422\" src=\"https:\/\/foto-repro-webdesign.de\/jumavis\/wp-content\/uploads\/2024\/01\/Logo_EURESYS.jpg\" alt=\"\" class=\"wp-image-1750\" srcset=\"https:\/\/foto-repro-webdesign.de\/jumavis\/wp-content\/uploads\/2024\/01\/Logo_EURESYS.jpg 570w, https:\/\/foto-repro-webdesign.de\/jumavis\/wp-content\/uploads\/2024\/01\/Logo_EURESYS-300x222.jpg 300w\" sizes=\"auto, (max-width: 570px) 100vw, 570px\" \/><\/a><\/figure>\n<\/div><\/div>\n\n\n\n<div id=\"col-gmb89fb5\" class=\"wp-block-gutentor-m2-col col-gmb89fb5 gutentor-module gutentor-dynamic-single-column grid-lg-3 grid-md-6 grid-12\"><div id=\"section-gmb89fb5\" class=\"section-gmb89fb5 gutentor-single-col\">\n<figure class=\"wp-block-image size-full\"><a href=\"https:\/\/www.norpix.com\/\" target=\"_blank\" rel=\"noreferrer noopener\"><img loading=\"lazy\" decoding=\"async\" width=\"570\" height=\"422\" src=\"https:\/\/foto-repro-webdesign.de\/jumavis\/wp-content\/uploads\/2023\/07\/Logo_Norpix.png\" alt=\"\" class=\"wp-image-1667\" srcset=\"https:\/\/foto-repro-webdesign.de\/jumavis\/wp-content\/uploads\/2023\/07\/Logo_Norpix.png 570w, https:\/\/foto-repro-webdesign.de\/jumavis\/wp-content\/uploads\/2023\/07\/Logo_Norpix-300x222.png 300w\" sizes=\"auto, (max-width: 570px) 100vw, 570px\" \/><\/a><\/figure>\n<\/div><\/div>\n\n\n\n<div id=\"col-gmec3446\" class=\"wp-block-gutentor-m2-col col-gmec3446 gutentor-module gutentor-dynamic-single-column grid-lg-3 grid-md-6 grid-12\"><div id=\"section-gmec3446\" class=\"section-gmec3446 gutentor-single-col\">\n<figure class=\"wp-block-image size-full\"><a href=\"https:\/\/www.baslerweb.com\/\" target=\"_blank\" rel=\"noreferrer noopener\"><img loading=\"lazy\" decoding=\"async\" width=\"570\" height=\"422\" src=\"https:\/\/foto-repro-webdesign.de\/jumavis\/wp-content\/uploads\/2023\/01\/Logo_Basler.png\" alt=\"\" class=\"wp-image-1139\" srcset=\"https:\/\/foto-repro-webdesign.de\/jumavis\/wp-content\/uploads\/2023\/01\/Logo_Basler.png 570w, https:\/\/foto-repro-webdesign.de\/jumavis\/wp-content\/uploads\/2023\/01\/Logo_Basler-300x222.png 300w\" sizes=\"auto, (max-width: 570px) 100vw, 570px\" \/><\/a><\/figure>\n<\/div><\/div>\n\n\n\n<div id=\"col-gm2e922f\" class=\"wp-block-gutentor-m2-col col-gm2e922f gutentor-module gutentor-dynamic-single-column grid-lg-3 grid-md-6 grid-12\"><div id=\"section-gm2e922f\" class=\"section-gm2e922f gutentor-single-col\">\n<figure class=\"wp-block-image size-full\"><a href=\"https:\/\/www.alliedvision.com\/\" target=\"_blank\" rel=\"noreferrer noopener\"><img loading=\"lazy\" decoding=\"async\" width=\"570\" height=\"422\" src=\"https:\/\/foto-repro-webdesign.de\/jumavis\/wp-content\/uploads\/2023\/01\/Logo_ALLIED-VISION-1.png\" alt=\"\" class=\"wp-image-1142\" srcset=\"https:\/\/foto-repro-webdesign.de\/jumavis\/wp-content\/uploads\/2023\/01\/Logo_ALLIED-VISION-1.png 570w, https:\/\/foto-repro-webdesign.de\/jumavis\/wp-content\/uploads\/2023\/01\/Logo_ALLIED-VISION-1-300x222.png 300w\" sizes=\"auto, (max-width: 570px) 100vw, 570px\" \/><\/a><\/figure>\n<\/div><\/div>\n\n\n\n<div id=\"col-g-kirt2ix\" class=\"wp-block-gutentor-m2-col col-g-kirt2ix gutentor-module gutentor-dynamic-single-column grid-lg-3 grid-md-6 grid-12\"><div id=\"section-g-kirt2ix\" class=\"section-g-kirt2ix gutentor-single-col\">\n<figure class=\"wp-block-image size-full\"><a href=\"https:\/\/comi.de\/\" target=\"_blank\" rel=\" noreferrer noopener\"><img loading=\"lazy\" decoding=\"async\" width=\"570\" height=\"422\" src=\"https:\/\/foto-repro-webdesign.de\/jumavis\/wp-content\/uploads\/2025\/04\/Logo_CoMi.png\" alt=\"\" class=\"wp-image-1970\" srcset=\"https:\/\/foto-repro-webdesign.de\/jumavis\/wp-content\/uploads\/2025\/04\/Logo_CoMi.png 570w, https:\/\/foto-repro-webdesign.de\/jumavis\/wp-content\/uploads\/2025\/04\/Logo_CoMi-300x222.png 300w\" sizes=\"auto, (max-width: 570px) 100vw, 570px\" \/><\/a><\/figure>\n<\/div><\/div>\n<\/div><\/div><\/section>\n\n\n\n<div style=\"height:30px\" aria-hidden=\"true\" class=\"wp-block-spacer\"><\/div>\n<\/div><\/section>\n","protected":false},"excerpt":{"rendered":"","protected":false},"author":1,"featured_media":0,"parent":0,"menu_order":0,"comment_status":"closed","ping_status":"closed","template":"","meta":{"footnotes":""},"class_list":["post-695","page","type-page","status-publish","hentry"],"_links":{"self":[{"href":"https:\/\/foto-repro-webdesign.de\/jumavis\/wp-json\/wp\/v2\/pages\/695","targetHints":{"allow":["GET"]}}],"collection":[{"href":"https:\/\/foto-repro-webdesign.de\/jumavis\/wp-json\/wp\/v2\/pages"}],"about":[{"href":"https:\/\/foto-repro-webdesign.de\/jumavis\/wp-json\/wp\/v2\/types\/page"}],"author":[{"embeddable":true,"href":"https:\/\/foto-repro-webdesign.de\/jumavis\/wp-json\/wp\/v2\/users\/1"}],"replies":[{"embeddable":true,"href":"https:\/\/foto-repro-webdesign.de\/jumavis\/wp-json\/wp\/v2\/comments?post=695"}],"version-history":[{"count":19,"href":"https:\/\/foto-repro-webdesign.de\/jumavis\/wp-json\/wp\/v2\/pages\/695\/revisions"}],"predecessor-version":[{"id":2294,"href":"https:\/\/foto-repro-webdesign.de\/jumavis\/wp-json\/wp\/v2\/pages\/695\/revisions\/2294"}],"wp:attachment":[{"href":"https:\/\/foto-repro-webdesign.de\/jumavis\/wp-json\/wp\/v2\/media?parent=695"}],"curies":[{"name":"wp","href":"https:\/\/api.w.org\/{rel}","templated":true}]}}