{"id":689,"date":"2022-12-10T12:46:39","date_gmt":"2022-12-10T11:46:39","guid":{"rendered":"https:\/\/jumavis.com\/?page_id=689"},"modified":"2026-04-29T19:53:06","modified_gmt":"2026-04-29T17:53:06","slug":"kamera","status":"publish","type":"page","link":"https:\/\/foto-repro-webdesign.de\/jumavis\/kamera\/","title":{"rendered":"Kameras"},"content":{"rendered":"\n<div style=\"height:50px\" aria-hidden=\"true\" class=\"wp-block-spacer\"><\/div>\n\n\n\n<section id=\"gmfb5828b\" class=\"wp-block-gutentor-m3 section-gmfb5828b gutentor-module gutentor-container-cover\"><div class=\"grid-container\"><div class=\"breadcrumbs align  wp-block-bcn-breadcrumb-trail has-text-color has-background\">\n\t<span><\/span>\n\tjumavis\u00ae<\/div>\n\n\n\n<h2 class=\"wp-block-heading\">Die passende Kamera f\u00fcr jede Herausforderung<\/h2>\n\n\n\n<p>Die Wahl der richtigen Kamera f\u00fcr ein optisches Qualit\u00e4ts-Kontrollsystem geh\u00f6rt zu den fundamentalen Aufgaben. Genauigkeit, Geschwindigkeit und Empfindlichkeit werden durch die Aufgabenstellung definiert. Meist gibt es eine Vielzahl von L\u00f6sungen, deren richtige Auswahl Fach- und Sachkompetenz erfordert.<\/p>\n\n\n\n<p>Von Fl\u00e4chen- und Zeilenkameras mit S\/W- oder Farbsensor \u00fcber analoge Kameras, wenn die Lichtempfindlichkeit eine wichtige Rolle spielt, und IR-Kameras, die Unsichtbares sichtbar machen, bis hin zu Fadenkreuzkameras f\u00fcr einen direkten Monitoranschluss.<\/p>\n\n\n\n<p><strong>jumavis<\/strong><sup><strong>\u00ae<\/strong><\/sup> verf\u00fcgt \u00fcber jahrelange Erfahrung in verschiedenen industriellen Anwendungen, kennt den Markt, die St\u00e4rken und Schw\u00e4chen der verschiedenen Systeme und findet f\u00fcr jede Anforderung die richtige Kamera.<\/p>\n\n\n\n<div id=\"section-g524347\" class=\"wp-block-gutentor-e2 section-g524347 gutentor-element gutentor-element-button\"><span class=\"gutentor-button-wrap\"><a class=\"gutentor-button gutentor-block-button gutentor-icon-hide\" href=\"https:\/\/foto-repro-webdesign.de\/jumavis\/kontakt\/\"><i class=\"gutentor-button-icon fas fa-book\"><\/i><span>Wir freuen uns auf Ihre Anfrage<\/span><\/a><\/span><\/div>\n\n\n\n<div style=\"height:100px\" aria-hidden=\"true\" class=\"wp-block-spacer\"><\/div>\n\n\n\n<h3 class=\"wp-block-heading\"><strong>Wir arbeiten mit folgenden Partnern zusammen:<\/strong><\/h3>\n\n\n\n<div style=\"height:20px\" aria-hidden=\"true\" class=\"wp-block-spacer\"><\/div>\n\n\n\n<section id=\"gm18e02ab\" class=\"wp-block-gutentor-m2 section-gm18e02ab gutentor-module gutentor-dynamic-columns\"><div class=\"grid-container\"><div class=\"grid-row\">\n<div id=\"col-gm0cae18\" class=\"wp-block-gutentor-m2-col col-gm0cae18 gutentor-module gutentor-dynamic-single-column grid-lg-3 grid-md-6 grid-12\"><div id=\"section-gm0cae18\" class=\"section-gm0cae18 gutentor-single-col\">\n<figure class=\"wp-block-image size-full\"><a href=\"https:\/\/www.baslerweb.com\/\" target=\"_blank\" rel=\"noreferrer noopener\"><img loading=\"lazy\" decoding=\"async\" width=\"570\" height=\"422\" src=\"https:\/\/foto-repro-webdesign.de\/jumavis\/wp-content\/uploads\/2023\/01\/Logo_Basler.png\" alt=\"\" class=\"wp-image-1139\" srcset=\"https:\/\/foto-repro-webdesign.de\/jumavis\/wp-content\/uploads\/2023\/01\/Logo_Basler.png 570w, https:\/\/foto-repro-webdesign.de\/jumavis\/wp-content\/uploads\/2023\/01\/Logo_Basler-300x222.png 300w\" sizes=\"auto, (max-width: 570px) 100vw, 570px\" \/><\/a><\/figure>\n<\/div><\/div>\n\n\n\n<div id=\"col-gm3b60e3\" class=\"wp-block-gutentor-m2-col col-gm3b60e3 gutentor-module gutentor-dynamic-single-column grid-lg-3 grid-md-6 grid-12\"><div id=\"section-gm3b60e3\" class=\"section-gm3b60e3 gutentor-single-col\">\n<figure class=\"wp-block-image size-full\"><a href=\"https:\/\/www.alliedvision.com\/\" target=\"_blank\" rel=\"noreferrer noopener\"><img loading=\"lazy\" decoding=\"async\" width=\"570\" height=\"422\" src=\"https:\/\/foto-repro-webdesign.de\/jumavis\/wp-content\/uploads\/2023\/01\/Logo_ALLIED-VISION-1.png\" alt=\"\" class=\"wp-image-1142\" srcset=\"https:\/\/foto-repro-webdesign.de\/jumavis\/wp-content\/uploads\/2023\/01\/Logo_ALLIED-VISION-1.png 570w, https:\/\/foto-repro-webdesign.de\/jumavis\/wp-content\/uploads\/2023\/01\/Logo_ALLIED-VISION-1-300x222.png 300w\" sizes=\"auto, (max-width: 570px) 100vw, 570px\" \/><\/a><\/figure>\n<\/div><\/div>\n\n\n\n<div id=\"col-g-xugl886\" class=\"wp-block-gutentor-m2-col col-g-xugl886 gutentor-module gutentor-dynamic-single-column grid-lg-3 grid-md-6 grid-12\"><div id=\"section-g-xugl886\" class=\"section-g-xugl886 gutentor-single-col\">\n<figure class=\"wp-block-image size-full\"><a href=\"https:\/\/foto-repro-webdesign.de\/jumavis\/ricoh-sc-20-inspektionskamera\/\"><img loading=\"lazy\" decoding=\"async\" width=\"570\" height=\"422\" src=\"https:\/\/foto-repro-webdesign.de\/jumavis\/wp-content\/uploads\/2023\/01\/Logo_RICOH.png\" alt=\"\" class=\"wp-image-1123\" srcset=\"https:\/\/foto-repro-webdesign.de\/jumavis\/wp-content\/uploads\/2023\/01\/Logo_RICOH.png 570w, https:\/\/foto-repro-webdesign.de\/jumavis\/wp-content\/uploads\/2023\/01\/Logo_RICOH-300x222.png 300w\" sizes=\"auto, (max-width: 570px) 100vw, 570px\" \/><\/a><\/figure>\n<\/div><\/div>\n\n\n\n<div id=\"col-gmeb8fd6\" class=\"wp-block-gutentor-m2-col col-gmeb8fd6 gutentor-module gutentor-dynamic-single-column grid-lg-3 grid-md-6 grid-12\"><div id=\"section-gmeb8fd6\" class=\"section-gmeb8fd6 gutentor-single-col\">\n<figure class=\"wp-block-image size-full\"><a href=\"http:\/\/www.vicoimaging.com\/\" target=\"_blank\" rel=\"noreferrer noopener\"><img loading=\"lazy\" decoding=\"async\" width=\"570\" height=\"422\" src=\"https:\/\/foto-repro-webdesign.de\/jumavis\/wp-content\/uploads\/2023\/01\/Logo_VICO.png\" alt=\"\" class=\"wp-image-1133\" srcset=\"https:\/\/foto-repro-webdesign.de\/jumavis\/wp-content\/uploads\/2023\/01\/Logo_VICO.png 570w, https:\/\/foto-repro-webdesign.de\/jumavis\/wp-content\/uploads\/2023\/01\/Logo_VICO-300x222.png 300w\" sizes=\"auto, (max-width: 570px) 100vw, 570px\" \/><\/a><\/figure>\n<\/div><\/div>\n\n\n\n<div id=\"col-gmcc989e\" class=\"wp-block-gutentor-m2-col col-gmcc989e gutentor-module gutentor-dynamic-single-column grid-lg-3 grid-md-6 grid-12\"><div id=\"section-gmcc989e\" class=\"section-gmcc989e gutentor-single-col\">\n<figure class=\"wp-block-image size-full\"><a href=\"https:\/\/industrial.omron.ch\/de\/home\" target=\"_blank\" rel=\"noreferrer noopener\"><img loading=\"lazy\" decoding=\"async\" width=\"570\" height=\"422\" src=\"https:\/\/foto-repro-webdesign.de\/jumavis\/wp-content\/uploads\/2023\/01\/Logo_OMRON-1.png\" alt=\"\" class=\"wp-image-1143\" srcset=\"https:\/\/foto-repro-webdesign.de\/jumavis\/wp-content\/uploads\/2023\/01\/Logo_OMRON-1.png 570w, https:\/\/foto-repro-webdesign.de\/jumavis\/wp-content\/uploads\/2023\/01\/Logo_OMRON-1-300x222.png 300w\" sizes=\"auto, (max-width: 570px) 100vw, 570px\" \/><\/a><\/figure>\n<\/div><\/div>\n\n\n\n<div id=\"col-gm74a3d9\" class=\"wp-block-gutentor-m2-col col-gm74a3d9 gutentor-module gutentor-dynamic-single-column grid-lg-3 grid-md-6 grid-12\"><div id=\"section-gm74a3d9\" class=\"section-gm74a3d9 gutentor-single-col\">\n<figure class=\"wp-block-image size-full\"><a href=\"https:\/\/chromasens.de\/\" target=\"_blank\" rel=\"noreferrer noopener\"><img loading=\"lazy\" decoding=\"async\" width=\"570\" height=\"422\" src=\"https:\/\/foto-repro-webdesign.de\/jumavis\/wp-content\/uploads\/2023\/01\/Logo_chromasens-1.png\" alt=\"\" class=\"wp-image-1146\" srcset=\"https:\/\/foto-repro-webdesign.de\/jumavis\/wp-content\/uploads\/2023\/01\/Logo_chromasens-1.png 570w, https:\/\/foto-repro-webdesign.de\/jumavis\/wp-content\/uploads\/2023\/01\/Logo_chromasens-1-300x222.png 300w\" sizes=\"auto, (max-width: 570px) 100vw, 570px\" \/><\/a><\/figure>\n<\/div><\/div>\n\n\n\n<div id=\"col-gm2da20e\" class=\"wp-block-gutentor-m2-col col-gm2da20e gutentor-module gutentor-dynamic-single-column grid-lg-3 grid-md-6 grid-12\"><div id=\"section-gm2da20e\" class=\"section-gm2da20e gutentor-single-col\">\n<figure class=\"wp-block-image size-full\"><a href=\"https:\/\/www.schindler-endoskopie.de\/\" target=\"_blank\" rel=\"noreferrer noopener\"><img loading=\"lazy\" decoding=\"async\" width=\"570\" height=\"422\" src=\"https:\/\/foto-repro-webdesign.de\/jumavis\/wp-content\/uploads\/2023\/01\/Logo_SCHINDLER-1.png\" alt=\"\" class=\"wp-image-1147\" srcset=\"https:\/\/foto-repro-webdesign.de\/jumavis\/wp-content\/uploads\/2023\/01\/Logo_SCHINDLER-1.png 570w, https:\/\/foto-repro-webdesign.de\/jumavis\/wp-content\/uploads\/2023\/01\/Logo_SCHINDLER-1-300x222.png 300w\" sizes=\"auto, (max-width: 570px) 100vw, 570px\" \/><\/a><\/figure>\n<\/div><\/div>\n\n\n\n<div id=\"col-gmeb875c\" class=\"wp-block-gutentor-m2-col col-gmeb875c gutentor-module gutentor-dynamic-single-column grid-lg-3 grid-md-6 grid-12\"><div id=\"section-gmeb875c\" class=\"section-gmeb875c gutentor-single-col\">\n<figure class=\"wp-block-image size-full\"><a href=\"https:\/\/navitar.com\/\" target=\"_blank\" rel=\"noreferrer noopener\"><img loading=\"lazy\" decoding=\"async\" width=\"570\" height=\"422\" src=\"https:\/\/foto-repro-webdesign.de\/jumavis\/wp-content\/uploads\/2023\/01\/Logo_NAVITAR-1.png\" alt=\"\" class=\"wp-image-1125\" srcset=\"https:\/\/foto-repro-webdesign.de\/jumavis\/wp-content\/uploads\/2023\/01\/Logo_NAVITAR-1.png 570w, https:\/\/foto-repro-webdesign.de\/jumavis\/wp-content\/uploads\/2023\/01\/Logo_NAVITAR-1-300x222.png 300w\" sizes=\"auto, (max-width: 570px) 100vw, 570px\" \/><\/a><\/figure>\n<\/div><\/div>\n\n\n\n<div id=\"col-gm2a462e\" class=\"wp-block-gutentor-m2-col col-gm2a462e gutentor-module gutentor-dynamic-single-column grid-lg-3 grid-md-6 grid-12\"><div id=\"section-gm2a462e\" class=\"section-gm2a462e gutentor-single-col\">\n<figure class=\"wp-block-image size-full\"><a href=\"https:\/\/www.deltapix.dk\/de\/\" target=\"_blank\" rel=\"noreferrer noopener\"><img loading=\"lazy\" decoding=\"async\" width=\"570\" height=\"422\" src=\"https:\/\/foto-repro-webdesign.de\/jumavis\/wp-content\/uploads\/2023\/09\/Logo_DeltaPix.jpg\" alt=\"\" class=\"wp-image-1689\" srcset=\"https:\/\/foto-repro-webdesign.de\/jumavis\/wp-content\/uploads\/2023\/09\/Logo_DeltaPix.jpg 570w, https:\/\/foto-repro-webdesign.de\/jumavis\/wp-content\/uploads\/2023\/09\/Logo_DeltaPix-300x222.jpg 300w\" sizes=\"auto, (max-width: 570px) 100vw, 570px\" \/><\/a><\/figure>\n<\/div><\/div>\n\n\n\n<div id=\"col-gm98248a\" class=\"wp-block-gutentor-m2-col col-gm98248a gutentor-module gutentor-dynamic-single-column grid-lg-3 grid-md-6 grid-12\"><div id=\"section-gm98248a\" class=\"section-gm98248a gutentor-single-col\">\n<figure class=\"wp-block-image size-full\"><a href=\"https:\/\/optronis.com\/\" target=\"_blank\" rel=\"noreferrer noopener\"><img loading=\"lazy\" decoding=\"async\" width=\"570\" height=\"422\" src=\"https:\/\/foto-repro-webdesign.de\/jumavis\/wp-content\/uploads\/2023\/11\/Logo-Optronis.png\" alt=\"\" class=\"wp-image-1741\" srcset=\"https:\/\/foto-repro-webdesign.de\/jumavis\/wp-content\/uploads\/2023\/11\/Logo-Optronis.png 570w, https:\/\/foto-repro-webdesign.de\/jumavis\/wp-content\/uploads\/2023\/11\/Logo-Optronis-300x222.png 300w\" sizes=\"auto, (max-width: 570px) 100vw, 570px\" \/><\/a><\/figure>\n<\/div><\/div>\n\n\n\n<div id=\"col-g-5tllp77\" class=\"wp-block-gutentor-m2-col col-g-5tllp77 gutentor-module gutentor-dynamic-single-column grid-lg-3 grid-md-6 grid-12\"><div id=\"section-g-5tllp77\" class=\"section-g-5tllp77 gutentor-single-col\">\n<figure class=\"wp-block-image size-full\"><a href=\"https:\/\/www.jai.com\/de\/\" target=\"_blank\" rel=\" noreferrer noopener\"><img loading=\"lazy\" decoding=\"async\" width=\"570\" height=\"422\" src=\"https:\/\/foto-repro-webdesign.de\/jumavis\/wp-content\/uploads\/2025\/04\/Logo_JAI.png\" alt=\"\" class=\"wp-image-1975\" srcset=\"https:\/\/foto-repro-webdesign.de\/jumavis\/wp-content\/uploads\/2025\/04\/Logo_JAI.png 570w, https:\/\/foto-repro-webdesign.de\/jumavis\/wp-content\/uploads\/2025\/04\/Logo_JAI-300x222.png 300w\" sizes=\"auto, (max-width: 570px) 100vw, 570px\" \/><\/a><\/figure>\n<\/div><\/div>\n\n\n\n<div id=\"col-g-d1xe17n\" class=\"wp-block-gutentor-m2-col col-g-d1xe17n gutentor-module gutentor-dynamic-single-column grid-lg-3 grid-md-6 grid-12\"><div id=\"section-g-d1xe17n\" class=\"section-g-d1xe17n gutentor-single-col\">\n<figure class=\"wp-block-image size-full\"><a href=\"https:\/\/www.alysium.com\/\" target=\"_blank\" rel=\" noreferrer noopener\"><img loading=\"lazy\" decoding=\"async\" width=\"570\" height=\"422\" src=\"https:\/\/foto-repro-webdesign.de\/jumavis\/wp-content\/uploads\/2025\/09\/Logo_ALYSIUM.png\" alt=\"\" class=\"wp-image-2165\" srcset=\"https:\/\/foto-repro-webdesign.de\/jumavis\/wp-content\/uploads\/2025\/09\/Logo_ALYSIUM.png 570w, https:\/\/foto-repro-webdesign.de\/jumavis\/wp-content\/uploads\/2025\/09\/Logo_ALYSIUM-300x222.png 300w\" sizes=\"auto, (max-width: 570px) 100vw, 570px\" \/><\/a><\/figure>\n<\/div><\/div>\n\n\n\n<div id=\"col-g-1s4cg61\" class=\"wp-block-gutentor-m2-col col-g-1s4cg61 gutentor-module gutentor-dynamic-single-column grid-lg-3 grid-md-6 grid-12\"><div id=\"section-g-1s4cg61\" class=\"section-g-1s4cg61 gutentor-single-col\">\n<figure class=\"wp-block-image size-full\"><a href=\"https:\/\/www.silloptics.de\/produkte\/abbildende-optiken\/telezentrische-portfolio-objektive\" target=\"_blank\" rel=\" noreferrer noopener\"><img loading=\"lazy\" decoding=\"async\" width=\"570\" height=\"422\" src=\"https:\/\/foto-repro-webdesign.de\/jumavis\/wp-content\/uploads\/2025\/09\/Logo_SILL-OPTICS.png\" alt=\"\" class=\"wp-image-2167\" srcset=\"https:\/\/foto-repro-webdesign.de\/jumavis\/wp-content\/uploads\/2025\/09\/Logo_SILL-OPTICS.png 570w, https:\/\/foto-repro-webdesign.de\/jumavis\/wp-content\/uploads\/2025\/09\/Logo_SILL-OPTICS-300x222.png 300w\" sizes=\"auto, (max-width: 570px) 100vw, 570px\" \/><\/a><\/figure>\n<\/div><\/div>\n\n\n\n<div id=\"col-g-hz13s13\" class=\"wp-block-gutentor-m2-col col-g-hz13s13 gutentor-module gutentor-dynamic-single-column grid-lg-3 grid-md-6 grid-12\"><div id=\"section-g-hz13s13\" class=\"section-g-hz13s13 gutentor-single-col\">\n<figure class=\"wp-block-image size-full\"><a href=\"https:\/\/www.teledynedalsa.com\/en\/products\/imaging\/\" target=\"_blank\" rel=\" noreferrer noopener\"><img loading=\"lazy\" decoding=\"async\" width=\"570\" height=\"422\" src=\"https:\/\/foto-repro-webdesign.de\/jumavis\/wp-content\/uploads\/2025\/09\/Logo_TELEDYNE.png\" alt=\"\" class=\"wp-image-2170\" srcset=\"https:\/\/foto-repro-webdesign.de\/jumavis\/wp-content\/uploads\/2025\/09\/Logo_TELEDYNE.png 570w, https:\/\/foto-repro-webdesign.de\/jumavis\/wp-content\/uploads\/2025\/09\/Logo_TELEDYNE-300x222.png 300w\" sizes=\"auto, (max-width: 570px) 100vw, 570px\" \/><\/a><\/figure>\n<\/div><\/div>\n\n\n\n<div id=\"col-g-y4bnjyt\" class=\"wp-block-gutentor-m2-col col-g-y4bnjyt gutentor-module gutentor-dynamic-single-column grid-lg-3 grid-md-6 grid-12\"><div id=\"section-g-y4bnjyt\" class=\"section-g-y4bnjyt gutentor-single-col\">\n<figure class=\"wp-block-image size-full\"><a href=\"https:\/\/artray.co.jp\/en\/\" target=\"_blank\" rel=\" noreferrer noopener\"><img loading=\"lazy\" decoding=\"async\" width=\"570\" height=\"422\" src=\"https:\/\/foto-repro-webdesign.de\/jumavis\/wp-content\/uploads\/2025\/09\/Logo_ARTRAY.png\" alt=\"\" class=\"wp-image-2172\" srcset=\"https:\/\/foto-repro-webdesign.de\/jumavis\/wp-content\/uploads\/2025\/09\/Logo_ARTRAY.png 570w, https:\/\/foto-repro-webdesign.de\/jumavis\/wp-content\/uploads\/2025\/09\/Logo_ARTRAY-300x222.png 300w\" sizes=\"auto, (max-width: 570px) 100vw, 570px\" \/><\/a><\/figure>\n<\/div><\/div>\n\n\n\n<div id=\"col-g-vvqlk1t\" class=\"wp-block-gutentor-m2-col col-g-vvqlk1t gutentor-module gutentor-dynamic-single-column grid-lg-3 grid-md-6 grid-12\"><div id=\"section-g-vvqlk1t\" class=\"section-g-vvqlk1t gutentor-single-col\">\n<figure class=\"wp-block-image size-full\"><a href=\"https:\/\/www.baumer.com\/de\/de\/produktubersicht\/industriekameras-bildverarbeitung\/industriekameras\/c\/331\" target=\"_blank\" rel=\" noreferrer noopener\"><img loading=\"lazy\" decoding=\"async\" width=\"570\" height=\"422\" src=\"https:\/\/foto-repro-webdesign.de\/jumavis\/wp-content\/uploads\/2026\/04\/Logo_Baumer.png\" alt=\"\" class=\"wp-image-2460\" srcset=\"https:\/\/foto-repro-webdesign.de\/jumavis\/wp-content\/uploads\/2026\/04\/Logo_Baumer.png 570w, https:\/\/foto-repro-webdesign.de\/jumavis\/wp-content\/uploads\/2026\/04\/Logo_Baumer-300x222.png 300w\" sizes=\"auto, (max-width: 570px) 100vw, 570px\" \/><\/a><\/figure>\n<\/div><\/div>\n<\/div><\/div><\/section>\n<\/div><\/section>\n","protected":false},"excerpt":{"rendered":"","protected":false},"author":1,"featured_media":0,"parent":0,"menu_order":0,"comment_status":"closed","ping_status":"closed","template":"","meta":{"footnotes":""},"class_list":["post-689","page","type-page","status-publish","hentry"],"_links":{"self":[{"href":"https:\/\/foto-repro-webdesign.de\/jumavis\/wp-json\/wp\/v2\/pages\/689","targetHints":{"allow":["GET"]}}],"collection":[{"href":"https:\/\/foto-repro-webdesign.de\/jumavis\/wp-json\/wp\/v2\/pages"}],"about":[{"href":"https:\/\/foto-repro-webdesign.de\/jumavis\/wp-json\/wp\/v2\/types\/page"}],"author":[{"embeddable":true,"href":"https:\/\/foto-repro-webdesign.de\/jumavis\/wp-json\/wp\/v2\/users\/1"}],"replies":[{"embeddable":true,"href":"https:\/\/foto-repro-webdesign.de\/jumavis\/wp-json\/wp\/v2\/comments?post=689"}],"version-history":[{"count":33,"href":"https:\/\/foto-repro-webdesign.de\/jumavis\/wp-json\/wp\/v2\/pages\/689\/revisions"}],"predecessor-version":[{"id":2509,"href":"https:\/\/foto-repro-webdesign.de\/jumavis\/wp-json\/wp\/v2\/pages\/689\/revisions\/2509"}],"wp:attachment":[{"href":"https:\/\/foto-repro-webdesign.de\/jumavis\/wp-json\/wp\/v2\/media?parent=689"}],"curies":[{"name":"wp","href":"https:\/\/api.w.org\/{rel}","templated":true}]}}