{"id":685,"date":"2022-12-10T12:45:39","date_gmt":"2022-12-10T11:45:39","guid":{"rendered":"https:\/\/jumavis.com\/?page_id=685"},"modified":"2023-01-27T16:59:20","modified_gmt":"2023-01-27T15:59:20","slug":"filter","status":"publish","type":"page","link":"https:\/\/foto-repro-webdesign.de\/jumavis\/filter\/","title":{"rendered":"Filter"},"content":{"rendered":"\n<div style=\"height:50px\" aria-hidden=\"true\" class=\"wp-block-spacer\"><\/div>\n\n\n\n<section id=\"gm97109ae\" class=\"wp-block-gutentor-m3 section-gm97109ae gutentor-module gutentor-container-cover\"><div class=\"grid-container\"><div class=\"breadcrumbs align  wp-block-bcn-breadcrumb-trail has-text-color has-background\">\n\t<span><\/span>\n\tjumavis\u00ae<\/div>\n\n\n\n<h2 class=\"wp-block-heading\">Der richtige Filter steigert die Sicherheit<\/h2>\n\n\n\n<p>Optische Filter ver\u00e4ndern die Leistung des Objektivs und k\u00f6nnen so die Erfassungsqualit\u00e4t, Reproduzierbarkeit und Prozesssicherheit von Bildverarbeitungs-Systemen verbessern und an die vielf\u00e4ltigen Anforderungen in unterschiedlichsten Umgebungsbedingungen anpassen. Welcher Filter passt auf welches Objektiv? Hier z\u00e4hlt langj\u00e4hrige Erfahrung und Spezialistenwissen.<\/p>\n\n\n\n<p><strong>jumavis<\/strong><sup><strong>\u00ae<\/strong><\/sup> bietet f\u00fcr nahezu jedes Objektiv und jede Anforderung die passenden Filter, um Prozesssicherheit und Zuverl\u00e4ssigkeit Ihrer Bildverarbeitungssysteme zu steigern.<\/p>\n\n\n\n<div id=\"section-ga6ccd9\" class=\"wp-block-gutentor-e2 section-ga6ccd9 gutentor-element gutentor-element-button\"><span class=\"gutentor-button-wrap\"><a class=\"gutentor-button gutentor-block-button gutentor-icon-hide\" href=\"https:\/\/foto-repro-webdesign.de\/jumavis\/kontakt\/\"><i class=\"gutentor-button-icon fas fa-book\"><\/i><span>Wir freuen uns auf Ihre Anfrage<\/span><\/a><\/span><\/div>\n\n\n\n<div style=\"height:100px\" aria-hidden=\"true\" class=\"wp-block-spacer\"><\/div>\n\n\n\n<h3 class=\"wp-block-heading\"><strong>Wir arbeiten mit folgenden Partnern zusammen:<\/strong><\/h3>\n\n\n\n<div style=\"height:20px\" aria-hidden=\"true\" class=\"wp-block-spacer\"><\/div>\n\n\n\n<section id=\"gmd328729\" class=\"wp-block-gutentor-m2 section-gmd328729 gutentor-module gutentor-dynamic-columns\"><div class=\"grid-container\"><div class=\"grid-row\">\n<div id=\"col-gm307f3d\" class=\"wp-block-gutentor-m2-col col-gm307f3d gutentor-module gutentor-dynamic-single-column grid-lg-3 grid-md-6 grid-12\"><div id=\"section-gm307f3d\" class=\"section-gm307f3d gutentor-single-col\">\n<figure class=\"wp-block-image size-full\"><a href=\"https:\/\/midopt.com\/\" target=\"_blank\" rel=\"noreferrer noopener\"><img loading=\"lazy\" decoding=\"async\" width=\"570\" height=\"422\" src=\"https:\/\/foto-repro-webdesign.de\/jumavis\/wp-content\/uploads\/2023\/01\/Logo_MIDOPT-1.png\" alt=\"\" class=\"wp-image-1137\" srcset=\"https:\/\/foto-repro-webdesign.de\/jumavis\/wp-content\/uploads\/2023\/01\/Logo_MIDOPT-1.png 570w, https:\/\/foto-repro-webdesign.de\/jumavis\/wp-content\/uploads\/2023\/01\/Logo_MIDOPT-1-300x222.png 300w\" sizes=\"auto, (max-width: 570px) 100vw, 570px\" \/><\/a><\/figure>\n<\/div><\/div>\n<\/div><\/div><\/section>\n\n\n\n<div style=\"height:30px\" aria-hidden=\"true\" class=\"wp-block-spacer\"><\/div>\n<\/div><\/section>\n","protected":false},"excerpt":{"rendered":"","protected":false},"author":1,"featured_media":0,"parent":0,"menu_order":0,"comment_status":"closed","ping_status":"closed","template":"","meta":{"footnotes":""},"class_list":["post-685","page","type-page","status-publish","hentry"],"_links":{"self":[{"href":"https:\/\/foto-repro-webdesign.de\/jumavis\/wp-json\/wp\/v2\/pages\/685","targetHints":{"allow":["GET"]}}],"collection":[{"href":"https:\/\/foto-repro-webdesign.de\/jumavis\/wp-json\/wp\/v2\/pages"}],"about":[{"href":"https:\/\/foto-repro-webdesign.de\/jumavis\/wp-json\/wp\/v2\/types\/page"}],"author":[{"embeddable":true,"href":"https:\/\/foto-repro-webdesign.de\/jumavis\/wp-json\/wp\/v2\/users\/1"}],"replies":[{"embeddable":true,"href":"https:\/\/foto-repro-webdesign.de\/jumavis\/wp-json\/wp\/v2\/comments?post=685"}],"version-history":[{"count":23,"href":"https:\/\/foto-repro-webdesign.de\/jumavis\/wp-json\/wp\/v2\/pages\/685\/revisions"}],"predecessor-version":[{"id":1494,"href":"https:\/\/foto-repro-webdesign.de\/jumavis\/wp-json\/wp\/v2\/pages\/685\/revisions\/1494"}],"wp:attachment":[{"href":"https:\/\/foto-repro-webdesign.de\/jumavis\/wp-json\/wp\/v2\/media?parent=685"}],"curies":[{"name":"wp","href":"https:\/\/api.w.org\/{rel}","templated":true}]}}