{"id":671,"date":"2022-12-10T12:40:38","date_gmt":"2022-12-10T11:40:38","guid":{"rendered":"https:\/\/jumavis.com\/?page_id=671"},"modified":"2025-09-04T20:13:43","modified_gmt":"2025-09-04T18:13:43","slug":"objektive","status":"publish","type":"page","link":"https:\/\/foto-repro-webdesign.de\/jumavis\/objektive\/","title":{"rendered":"Objektive"},"content":{"rendered":"\n<div style=\"height:50px\" aria-hidden=\"true\" class=\"wp-block-spacer\"><\/div>\n\n\n\n<section id=\"gmecd84ba\" class=\"wp-block-gutentor-m3 section-gmecd84ba gutentor-module gutentor-container-cover\"><div class=\"grid-container\"><div class=\"breadcrumbs align  wp-block-bcn-breadcrumb-trail has-text-color has-background\" vocab=\"https:\/\/schema.org\/\" typeof=\"BreadcrumbList\">\n\t<span><\/span>\n\tjumavis\u00ae<\/div>\n\n\n\n<h2 class=\"wp-block-heading\">Objektive \u2013 nur wer scharf sieht, sieht alles<\/h2>\n\n\n\n<p>Das Objektiv ist das \u201eAuge\u201c eines optischen Qualit\u00e4ts-Kontrollsystems und daher mit das wichtigste Element der gesamten Systemkette. Die Zuverl\u00e4ssigkeit einer Bildverarbeitungsl\u00f6sung h\u00e4ngt entscheidend von der Auswahl des geeigneten Objektivs ab. Neben der richtigen Brennweite und der Kompatibilit\u00e4t zur verwendeten Kamera kommt es vor allem auf die Qualit\u00e4t der Linsensysteme an.<\/p>\n\n\n\n<p><strong>jumavis<\/strong><sup><strong>\u00ae<\/strong><\/sup> hat Spezialistenwissen und Erfahrung bei der Auswahl passender Standardobjektive f\u00fcr wirtschaftliche L\u00f6sungen, hat aber auch eine Vielzahl von Spezialobjektiven namhafter Hersteller im Lieferprogramm.&nbsp;F\u00fcr jede Aufgabe das richtige Objektiv.<\/p>\n\n\n\n<div id=\"section-g38579d\" class=\"wp-block-gutentor-e2 section-g38579d gutentor-element gutentor-element-button\"><span class=\"gutentor-button-wrap\"><a class=\"gutentor-button gutentor-block-button gutentor-icon-hide\" href=\"https:\/\/foto-repro-webdesign.de\/jumavis\/kontakt\/\"><i class=\"gutentor-button-icon fas fa-book\"><\/i><span>Wir freuen uns auf Ihre Anfrage<\/span><\/a><\/span><\/div>\n\n\n\n<div style=\"height:100px\" aria-hidden=\"true\" class=\"wp-block-spacer\"><\/div>\n\n\n\n<h3 class=\"wp-block-heading\"><strong>Wir arbeiten mit folgenden Partnern zusammen:<\/strong><\/h3>\n\n\n\n<div style=\"height:21px\" aria-hidden=\"true\" class=\"wp-block-spacer\"><\/div>\n\n\n\n<section id=\"gm051e58d\" class=\"wp-block-gutentor-m2 section-gm051e58d gutentor-module gutentor-dynamic-columns\"><div class=\"grid-container\"><div class=\"grid-row\">\n<div id=\"col-gm7b3a0e\" class=\"wp-block-gutentor-m2-col col-gm7b3a0e gutentor-module gutentor-dynamic-single-column grid-lg-3 grid-md-6 grid-12\"><div id=\"section-gm7b3a0e\" class=\"section-gm7b3a0e gutentor-single-col\">\n<figure class=\"wp-block-image size-full\"><a href=\"https:\/\/www.fujifilm.com\/\" target=\"_blank\" rel=\"noreferrer noopener\"><img loading=\"lazy\" decoding=\"async\" width=\"570\" height=\"422\" src=\"https:\/\/foto-repro-webdesign.de\/jumavis\/wp-content\/uploads\/2023\/01\/Logo_FUJIFILM-1.png\" alt=\"\" class=\"wp-image-1121\" srcset=\"https:\/\/foto-repro-webdesign.de\/jumavis\/wp-content\/uploads\/2023\/01\/Logo_FUJIFILM-1.png 570w, https:\/\/foto-repro-webdesign.de\/jumavis\/wp-content\/uploads\/2023\/01\/Logo_FUJIFILM-1-300x222.png 300w\" sizes=\"auto, (max-width: 570px) 100vw, 570px\" \/><\/a><\/figure>\n<\/div><\/div>\n\n\n\n<div id=\"col-gm723e2a\" class=\"wp-block-gutentor-m2-col col-gm723e2a gutentor-module gutentor-dynamic-single-column grid-lg-3 grid-md-6 grid-12\"><div id=\"section-gm723e2a\" class=\"section-gm723e2a gutentor-single-col\">\n<figure class=\"wp-block-image size-full\"><a href=\"https:\/\/www.ricoh-iosd.eu\/\" target=\"_blank\" rel=\"noreferrer noopener\"><img loading=\"lazy\" decoding=\"async\" width=\"570\" height=\"422\" src=\"https:\/\/foto-repro-webdesign.de\/jumavis\/wp-content\/uploads\/2023\/01\/Logo_RICOH.png\" alt=\"\" class=\"wp-image-1123\" srcset=\"https:\/\/foto-repro-webdesign.de\/jumavis\/wp-content\/uploads\/2023\/01\/Logo_RICOH.png 570w, https:\/\/foto-repro-webdesign.de\/jumavis\/wp-content\/uploads\/2023\/01\/Logo_RICOH-300x222.png 300w\" sizes=\"auto, (max-width: 570px) 100vw, 570px\" \/><\/a><\/figure>\n<\/div><\/div>\n\n\n\n<div id=\"col-gm7b2c31\" class=\"wp-block-gutentor-m2-col col-gm7b2c31 gutentor-module gutentor-dynamic-single-column grid-lg-3 grid-md-6 grid-12\"><div id=\"section-gm7b2c31\" class=\"section-gm7b2c31 gutentor-single-col\">\n<figure class=\"wp-block-image size-full\"><a href=\"https:\/\/navitar.com\/\" target=\"_blank\" rel=\"noreferrer noopener\"><img loading=\"lazy\" decoding=\"async\" width=\"570\" height=\"422\" src=\"https:\/\/foto-repro-webdesign.de\/jumavis\/wp-content\/uploads\/2023\/01\/Logo_NAVITAR-1.png\" alt=\"\" class=\"wp-image-1125\" srcset=\"https:\/\/foto-repro-webdesign.de\/jumavis\/wp-content\/uploads\/2023\/01\/Logo_NAVITAR-1.png 570w, https:\/\/foto-repro-webdesign.de\/jumavis\/wp-content\/uploads\/2023\/01\/Logo_NAVITAR-1-300x222.png 300w\" sizes=\"auto, (max-width: 570px) 100vw, 570px\" \/><\/a><\/figure>\n<\/div><\/div>\n\n\n\n<div id=\"col-gm4bad59\" class=\"wp-block-gutentor-m2-col col-gm4bad59 gutentor-module gutentor-dynamic-single-column grid-lg-3 grid-md-6 grid-12\"><div id=\"section-gm4bad59\" class=\"section-gm4bad59 gutentor-single-col\">\n<figure class=\"wp-block-image size-full\"><a href=\"https:\/\/www.kowaoptimed.com\/\" target=\"_blank\" rel=\"noreferrer noopener\"><img loading=\"lazy\" decoding=\"async\" width=\"570\" height=\"422\" src=\"https:\/\/foto-repro-webdesign.de\/jumavis\/wp-content\/uploads\/2023\/01\/Logo_Kowa-1.png\" alt=\"\" class=\"wp-image-1126\" srcset=\"https:\/\/foto-repro-webdesign.de\/jumavis\/wp-content\/uploads\/2023\/01\/Logo_Kowa-1.png 570w, https:\/\/foto-repro-webdesign.de\/jumavis\/wp-content\/uploads\/2023\/01\/Logo_Kowa-1-300x222.png 300w\" sizes=\"auto, (max-width: 570px) 100vw, 570px\" \/><\/a><\/figure>\n<\/div><\/div>\n\n\n\n<div id=\"col-gm651a43\" class=\"wp-block-gutentor-m2-col col-gm651a43 gutentor-module gutentor-dynamic-single-column grid-lg-3 grid-md-6 grid-12\"><div id=\"section-gm651a43\" class=\"section-gm651a43 gutentor-single-col\">\n<figure class=\"wp-block-image size-full\"><a href=\"https:\/\/www.tamron.eu\/\" target=\"_blank\" rel=\"noreferrer noopener\"><img loading=\"lazy\" decoding=\"async\" width=\"570\" height=\"422\" src=\"https:\/\/foto-repro-webdesign.de\/jumavis\/wp-content\/uploads\/2023\/01\/Logo_TAMRON.png\" alt=\"\" class=\"wp-image-1128\" srcset=\"https:\/\/foto-repro-webdesign.de\/jumavis\/wp-content\/uploads\/2023\/01\/Logo_TAMRON.png 570w, https:\/\/foto-repro-webdesign.de\/jumavis\/wp-content\/uploads\/2023\/01\/Logo_TAMRON-300x222.png 300w\" sizes=\"auto, (max-width: 570px) 100vw, 570px\" \/><\/a><\/figure>\n<\/div><\/div>\n\n\n\n<div id=\"col-gmeb6b33\" class=\"wp-block-gutentor-m2-col col-gmeb6b33 gutentor-module gutentor-dynamic-single-column grid-lg-3 grid-md-6 grid-12\"><div id=\"section-gmeb6b33\" class=\"section-gmeb6b33 gutentor-single-col\">\n<figure class=\"wp-block-image size-full\"><a href=\"https:\/\/www.cbc-europe.com\/\" target=\"_blank\" rel=\"noreferrer noopener\"><img loading=\"lazy\" decoding=\"async\" width=\"570\" height=\"422\" src=\"https:\/\/foto-repro-webdesign.de\/jumavis\/wp-content\/uploads\/2023\/01\/Logo_CBC-Group.png\" alt=\"\" class=\"wp-image-1129\" srcset=\"https:\/\/foto-repro-webdesign.de\/jumavis\/wp-content\/uploads\/2023\/01\/Logo_CBC-Group.png 570w, https:\/\/foto-repro-webdesign.de\/jumavis\/wp-content\/uploads\/2023\/01\/Logo_CBC-Group-300x222.png 300w\" sizes=\"auto, (max-width: 570px) 100vw, 570px\" \/><\/a><\/figure>\n<\/div><\/div>\n\n\n\n<div id=\"col-gm955ff4\" class=\"wp-block-gutentor-m2-col col-gm955ff4 gutentor-module gutentor-dynamic-single-column grid-lg-3 grid-md-6 grid-12\"><div id=\"section-gm955ff4\" class=\"section-gm955ff4 gutentor-single-col\">\n<figure class=\"wp-block-image size-full\"><a href=\"https:\/\/www.opto-e.com\/\" target=\"_blank\" rel=\"noreferrer noopener\"><img loading=\"lazy\" decoding=\"async\" width=\"570\" height=\"422\" src=\"https:\/\/foto-repro-webdesign.de\/jumavis\/wp-content\/uploads\/2023\/01\/Logo_OPTO-Engineering.png\" alt=\"\" class=\"wp-image-1130\" srcset=\"https:\/\/foto-repro-webdesign.de\/jumavis\/wp-content\/uploads\/2023\/01\/Logo_OPTO-Engineering.png 570w, https:\/\/foto-repro-webdesign.de\/jumavis\/wp-content\/uploads\/2023\/01\/Logo_OPTO-Engineering-300x222.png 300w\" sizes=\"auto, (max-width: 570px) 100vw, 570px\" \/><\/a><\/figure>\n<\/div><\/div>\n\n\n\n<div id=\"col-gm505661\" class=\"wp-block-gutentor-m2-col col-gm505661 gutentor-module gutentor-dynamic-single-column grid-lg-3 grid-md-6 grid-12\"><div id=\"section-gm505661\" class=\"section-gm505661 gutentor-single-col\">\n<figure class=\"wp-block-image size-full\"><a href=\"https:\/\/www.zeiss.de\/\" target=\"_blank\" rel=\"noreferrer noopener\"><img loading=\"lazy\" decoding=\"async\" width=\"570\" height=\"422\" src=\"https:\/\/foto-repro-webdesign.de\/jumavis\/wp-content\/uploads\/2023\/01\/Logo_ZEISS-2.png\" alt=\"\" class=\"wp-image-1132\" srcset=\"https:\/\/foto-repro-webdesign.de\/jumavis\/wp-content\/uploads\/2023\/01\/Logo_ZEISS-2.png 570w, https:\/\/foto-repro-webdesign.de\/jumavis\/wp-content\/uploads\/2023\/01\/Logo_ZEISS-2-300x222.png 300w\" sizes=\"auto, (max-width: 570px) 100vw, 570px\" \/><\/a><\/figure>\n<\/div><\/div>\n\n\n\n<div id=\"col-gm882a7c\" class=\"wp-block-gutentor-m2-col col-gm882a7c gutentor-module gutentor-dynamic-single-column grid-lg-3 grid-md-6 grid-12\"><div id=\"section-gm882a7c\" class=\"section-gm882a7c gutentor-single-col\">\n<figure class=\"wp-block-image size-full\"><a href=\"http:\/\/www.vicoimaging.com\/\" target=\"_blank\" rel=\"noreferrer noopener\"><img loading=\"lazy\" decoding=\"async\" width=\"570\" height=\"422\" src=\"https:\/\/foto-repro-webdesign.de\/jumavis\/wp-content\/uploads\/2023\/01\/Logo_VICO.png\" alt=\"\" class=\"wp-image-1133\" srcset=\"https:\/\/foto-repro-webdesign.de\/jumavis\/wp-content\/uploads\/2023\/01\/Logo_VICO.png 570w, https:\/\/foto-repro-webdesign.de\/jumavis\/wp-content\/uploads\/2023\/01\/Logo_VICO-300x222.png 300w\" sizes=\"auto, (max-width: 570px) 100vw, 570px\" \/><\/a><\/figure>\n<\/div><\/div>\n\n\n\n<div id=\"col-gm4d47f0\" class=\"wp-block-gutentor-m2-col col-gm4d47f0 gutentor-module gutentor-dynamic-single-column grid-lg-3 grid-md-6 grid-12\"><div id=\"section-gm4d47f0\" class=\"section-gm4d47f0 gutentor-single-col\">\n<figure class=\"wp-block-image size-full\"><a href=\"https:\/\/vst.co.jp\/en\/\" target=\"_blank\" rel=\"noreferrer noopener\"><img loading=\"lazy\" decoding=\"async\" width=\"570\" height=\"422\" src=\"https:\/\/foto-repro-webdesign.de\/jumavis\/wp-content\/uploads\/2023\/01\/Logo_VS-Technology.png\" alt=\"\" class=\"wp-image-1134\" srcset=\"https:\/\/foto-repro-webdesign.de\/jumavis\/wp-content\/uploads\/2023\/01\/Logo_VS-Technology.png 570w, https:\/\/foto-repro-webdesign.de\/jumavis\/wp-content\/uploads\/2023\/01\/Logo_VS-Technology-300x222.png 300w\" sizes=\"auto, (max-width: 570px) 100vw, 570px\" \/><\/a><\/figure>\n<\/div><\/div>\n\n\n\n<div id=\"col-g-4vxypny\" class=\"wp-block-gutentor-m2-col col-g-4vxypny gutentor-module gutentor-dynamic-single-column grid-lg-3 grid-md-6 grid-12\"><div id=\"section-g-4vxypny\" class=\"section-g-4vxypny gutentor-single-col\">\n<figure class=\"wp-block-image size-full\"><a href=\"https:\/\/www.excelitas.com\/de\/\" target=\"_blank\" rel=\" noreferrer noopener\"><img loading=\"lazy\" decoding=\"async\" width=\"570\" height=\"422\" src=\"https:\/\/foto-repro-webdesign.de\/jumavis\/wp-content\/uploads\/2025\/09\/Logo_EXCELITAS.png\" alt=\"\" class=\"wp-image-2182\" srcset=\"https:\/\/foto-repro-webdesign.de\/jumavis\/wp-content\/uploads\/2025\/09\/Logo_EXCELITAS.png 570w, https:\/\/foto-repro-webdesign.de\/jumavis\/wp-content\/uploads\/2025\/09\/Logo_EXCELITAS-300x222.png 300w\" sizes=\"auto, (max-width: 570px) 100vw, 570px\" \/><\/a><\/figure>\n<\/div><\/div>\n\n\n\n<div id=\"col-g-vunvm10\" class=\"wp-block-gutentor-m2-col col-g-vunvm10 gutentor-module gutentor-dynamic-single-column grid-lg-3 grid-md-6 grid-12\"><div id=\"section-g-vunvm10\" class=\"section-g-vunvm10 gutentor-single-col\">\n<figure class=\"wp-block-image size-full\"><a href=\"https:\/\/www.optotune.com\/focus-tunable-lenses\" target=\"_blank\" rel=\" noreferrer noopener\"><img loading=\"lazy\" decoding=\"async\" width=\"570\" height=\"422\" src=\"https:\/\/foto-repro-webdesign.de\/jumavis\/wp-content\/uploads\/2025\/09\/Logo_OPTOTUNE.png\" alt=\"\" class=\"wp-image-2185\" srcset=\"https:\/\/foto-repro-webdesign.de\/jumavis\/wp-content\/uploads\/2025\/09\/Logo_OPTOTUNE.png 570w, https:\/\/foto-repro-webdesign.de\/jumavis\/wp-content\/uploads\/2025\/09\/Logo_OPTOTUNE-300x222.png 300w\" sizes=\"auto, (max-width: 570px) 100vw, 570px\" \/><\/a><\/figure>\n<\/div><\/div>\n<\/div><\/div><\/section>\n<\/div><\/section>\n\n\n\n<div style=\"height:100px\" aria-hidden=\"true\" class=\"wp-block-spacer\"><\/div>\n","protected":false},"excerpt":{"rendered":"","protected":false},"author":1,"featured_media":0,"parent":0,"menu_order":0,"comment_status":"closed","ping_status":"closed","template":"","meta":{"footnotes":""},"class_list":["post-671","page","type-page","status-publish","hentry"],"_links":{"self":[{"href":"https:\/\/foto-repro-webdesign.de\/jumavis\/wp-json\/wp\/v2\/pages\/671","targetHints":{"allow":["GET"]}}],"collection":[{"href":"https:\/\/foto-repro-webdesign.de\/jumavis\/wp-json\/wp\/v2\/pages"}],"about":[{"href":"https:\/\/foto-repro-webdesign.de\/jumavis\/wp-json\/wp\/v2\/types\/page"}],"author":[{"embeddable":true,"href":"https:\/\/foto-repro-webdesign.de\/jumavis\/wp-json\/wp\/v2\/users\/1"}],"replies":[{"embeddable":true,"href":"https:\/\/foto-repro-webdesign.de\/jumavis\/wp-json\/wp\/v2\/comments?post=671"}],"version-history":[{"count":30,"href":"https:\/\/foto-repro-webdesign.de\/jumavis\/wp-json\/wp\/v2\/pages\/671\/revisions"}],"predecessor-version":[{"id":2187,"href":"https:\/\/foto-repro-webdesign.de\/jumavis\/wp-json\/wp\/v2\/pages\/671\/revisions\/2187"}],"wp:attachment":[{"href":"https:\/\/foto-repro-webdesign.de\/jumavis\/wp-json\/wp\/v2\/media?parent=671"}],"curies":[{"name":"wp","href":"https:\/\/api.w.org\/{rel}","templated":true}]}}