{"id":644,"date":"2022-11-20T15:14:57","date_gmt":"2022-11-20T14:14:57","guid":{"rendered":"https:\/\/jumavis.com\/?page_id=644"},"modified":"2023-01-27T17:31:35","modified_gmt":"2023-01-27T16:31:35","slug":"leistungen","status":"publish","type":"page","link":"https:\/\/foto-repro-webdesign.de\/jumavis\/leistungen\/","title":{"rendered":"Leistungen"},"content":{"rendered":"\n<div style=\"height:90px\" aria-hidden=\"true\" class=\"wp-block-spacer\"><\/div>\n\n\n\n<section id=\"gm845ccc0\" class=\"wp-block-gutentor-m3 section-gm845ccc0 gutentor-module gutentor-container-cover\"><div class=\"grid-container\">\n<h2 class=\"wp-block-heading\">Leistungen<\/h2>\n\n\n\n<p>Automation braucht zuverl\u00e4ssige Kontrolle. F\u00fcr die Qualit\u00e4ts\u00fcberwachung vieler Fertigungsvorg\u00e4nge sind optische Erfassungs- und Auswertungssysteme die ideale L\u00f6sung. pr\u00e4zise \u2013 zuverl\u00e4ssig \u2013 wirtschaftlich.<\/p>\n\n\n\n<p><strong>jumavis\u00ae <\/strong>ist spezialisiert auf Bilderfassung, Bilderkennung und Auswertung und bietet von der Analyse der Aufgabenstellung bis zur Planung und Auswahl der vielf\u00e4ltigen Komponenten Know-how, Erfahrung und Kreativit\u00e4t.<\/p>\n\n\n\n<p>Unsere Mitarbeiter sind vertraut mit diesem dynamischen Markt, der sich in Richtung \u201eMachine Learning\u201c und \u201eKI\u201c entwickelt.<\/p>\n\n\n\n<p><strong>jumavis\u00ae<\/strong> begleitet seine Kunden bis zur Inbetriebnahme und Validierung und bietet umfassende L\u00f6sungen f\u00fcr alle Fragen der optischen Qualit\u00e4tskontrolle.<\/p>\n\n\n\n<div style=\"height:100px\" aria-hidden=\"true\" class=\"wp-block-spacer\"><\/div>\n<\/div><\/section>\n","protected":false},"excerpt":{"rendered":"","protected":false},"author":1,"featured_media":0,"parent":0,"menu_order":0,"comment_status":"closed","ping_status":"closed","template":"","meta":{"footnotes":""},"class_list":["post-644","page","type-page","status-publish","hentry"],"_links":{"self":[{"href":"https:\/\/foto-repro-webdesign.de\/jumavis\/wp-json\/wp\/v2\/pages\/644","targetHints":{"allow":["GET"]}}],"collection":[{"href":"https:\/\/foto-repro-webdesign.de\/jumavis\/wp-json\/wp\/v2\/pages"}],"about":[{"href":"https:\/\/foto-repro-webdesign.de\/jumavis\/wp-json\/wp\/v2\/types\/page"}],"author":[{"embeddable":true,"href":"https:\/\/foto-repro-webdesign.de\/jumavis\/wp-json\/wp\/v2\/users\/1"}],"replies":[{"embeddable":true,"href":"https:\/\/foto-repro-webdesign.de\/jumavis\/wp-json\/wp\/v2\/comments?post=644"}],"version-history":[{"count":9,"href":"https:\/\/foto-repro-webdesign.de\/jumavis\/wp-json\/wp\/v2\/pages\/644\/revisions"}],"predecessor-version":[{"id":1285,"href":"https:\/\/foto-repro-webdesign.de\/jumavis\/wp-json\/wp\/v2\/pages\/644\/revisions\/1285"}],"wp:attachment":[{"href":"https:\/\/foto-repro-webdesign.de\/jumavis\/wp-json\/wp\/v2\/media?parent=644"}],"curies":[{"name":"wp","href":"https:\/\/api.w.org\/{rel}","templated":true}]}}