{"id":30,"date":"2022-06-27T22:02:22","date_gmt":"2022-06-27T20:02:22","guid":{"rendered":"https:\/\/jumavis.com\/?page_id=30"},"modified":"2025-10-06T17:45:44","modified_gmt":"2025-10-06T15:45:44","slug":"machbarkeitsstudien","status":"publish","type":"page","link":"https:\/\/foto-repro-webdesign.de\/jumavis\/machbarkeitsstudien\/","title":{"rendered":"Machbarkeitsanalysen bei jumavis\u00ae"},"content":{"rendered":"\n<div style=\"height:30px\" aria-hidden=\"true\" class=\"wp-block-spacer\"><\/div>\n\n\n\n<section id=\"gmdcd3ccc\" class=\"wp-block-gutentor-m3 section-gmdcd3ccc gutentor-module gutentor-container-cover\"><div class=\"grid-container\">\n<h1 class=\"wp-block-heading\"><br>Machbarkeitsanalysen bei jumavis<sup>\u00ae<\/sup><\/h1>\n\n\n\n<div style=\"height:30px\" aria-hidden=\"true\" class=\"wp-block-spacer\"><\/div>\n\n\n\n<p>Machbarkeitsanalysen oder Machbarkeitsstudien sind Untersuchungen, die vor der Durchf\u00fchrung eines Projekts kl\u00e4ren, ob es technisch und wirtschaftlich umsetzbar ist.<\/p>\n\n\n\n<p>\u00c4hnlich vielf\u00e4ltig wie die Aufgaben ist das Angebot an Komponenten, Systemen und Software. F\u00fcr den, der sich nicht t\u00e4glich damit besch\u00e4ftigt unm\u00f6glich einen \u00dcberblick zu wahren.<\/p>\n\n\n\n<p>Hier zu helfen, das ist unsere Profession und Leidenschaft. Die Spezialisten von jumavis<sup>\u00ae <\/sup>verf\u00fcgen \u00fcber ein in vielen Jahren gewachsenes Expertenwissen, kennen die Fallstricke vieler Aufgabenstellungen und den gro\u00dfen Pool an L\u00f6sungsm\u00f6glichkeiten.<\/p>\n\n\n\n<p>Mit \u00fcber 40 \u201ehandverlesenen\u201c Partnern kann jumavis<sup>\u00ae <\/sup>herstellerunabh\u00e4ngige L\u00f6sungen erarbeiten.<br><strong>Wir sehen die Aufgabe unserer Kunden im Fokus, nicht die L\u00f6sungen einzelner Hersteller.<\/strong><\/p>\n\n\n\n<h2 class=\"wp-block-heading\">Das jumavis<sup>\u00ae<\/sup>-Testlabor<\/h2>\n\n\n\n<p>jumavis<sup>\u00ae <\/sup>ist nicht nur Distributor, sondern \u201eProbleml\u00f6ser\u201c und Partner seiner Kunden. Hierf\u00fcr unterhalten wir ein hauseigenes, gut ausgestattetes Labor, in dem wir unterschiedliche Komponenten in konkreten Anwendungsszenarien \u2013 herstellerunabh\u00e4ngig \u2013 testen und die passende L\u00f6sung f\u00fcr Ihre Anforderung finden.<\/p>\n\n\n\n<h2 class=\"wp-block-heading\">Ihre Vorteile auf einen Blick<\/h2>\n\n\n\n<ul class=\"wp-block-list\">\n<li><strong>Hersteller\u00fcbergreifende Auswahl.<\/strong> Wir haben direkten Zugriff auf eine breite Auswahl an Produkten unterschiedlicher Hersteller und testen diese im direkten Vergleich. So ermitteln wir die objektiv beste L\u00f6sung f\u00fcr Sie, nicht nur die eines einzelnen Herstellers.<\/li>\n\n\n\n<li><strong>Schnelligkeit und Objektivit\u00e4t <\/strong>durch unser hauseigenes Labor. Dank unseres voll ausgestatteten Labors k\u00f6nnen wir Machbarkeitsanalysen kurzfristig durchf\u00fchren \u2013 ohne lange Lieferzeiten. Das spart Zeit und Kosten.<\/li>\n\n\n\n<li>Das jumavis<sup>\u00ae<\/sup>-Labor verf\u00fcgt \u00fcber <strong>anwendungsspezifische Testpl\u00e4tze<\/strong>. Unsere Laborpl\u00e4tze sind f\u00fcr verschiedene Anwendungen vorbereitet. Das minimiert R\u00fcstzeiten und erh\u00f6ht die Effizienz bei der Durchf\u00fchrung umfangreicher Tests.<\/li>\n\n\n\n<li>Unter realen Testbedingungen erreichen wir <strong>praxisnahe und belastbare Ergebnisse<\/strong>.<\/li>\n<\/ul>\n\n\n\n<p>Wir liefern nicht nur theoretische Einsch\u00e4tzungen, sondern greifbare Resultate aus realen Tests \u2013 direkt an Ihren konkreten Anforderungen ausgerichtet.<\/p>\n\n\n\n<h2 class=\"wp-block-heading\">Der Ablauf einer jumavis<sup>\u00ae<\/sup>-Machbarkeitsanalyse<\/h2>\n\n\n\n<ol class=\"wp-block-list\">\n<li><strong>Anfrage &amp; Aufgabenstellung.<\/strong> Sie schildern uns Ihre technische Herausforderung. Um der L\u00f6sung einer Aufgabe auf den Grund zu gehen, erarbeiten wir die Anforderungen und die Umgebungsbedingungen im Detail.<\/li>\n\n\n\n<li> <strong>Komponentenauswahl.<\/strong> Unsere erfahrenen Spezialisten w\u00e4hlen die passenden Komponenten unterschiedlicher Hersteller (aus unserem Lagerbestand) aus.<\/li>\n\n\n\n<li><strong>Test und Analyse.<\/strong> In unserem Labor testen wir die ausgew\u00e4hlten Komponenten in der von uns vorgeschlagenen Systeml\u00f6sung mit Ihren Produkten unter realen Bedingungen.<\/li>\n\n\n\n<li><strong>Ergebnis &amp; Empfehlung.<\/strong> Sie erhalten einen kompakten Bericht mit unserer L\u00f6sungsempfehlung \u2013 fundiert, praxisnah, wirtschaftlich und einsatzbereit.<\/li>\n<\/ol>\n\n\n\n<p>Haben Sie eine konkrete Aufgabenstellung f\u00fcr die Sie eine L\u00f6sung ben\u00f6tigen?<br>Dann z\u00f6gern Sie nicht <a href=\"https:\/\/foto-repro-webdesign.de\/jumavis\/kontakt\/\" target=\"_blank\" rel=\"noreferrer noopener\">sich mit uns in Verbindung zu setzen.<\/a><\/p>\n\n\n\n<div style=\"height:100px\" aria-hidden=\"true\" class=\"wp-block-spacer\"><\/div>\n<\/div><\/section>\n","protected":false},"excerpt":{"rendered":"","protected":false},"author":1,"featured_media":0,"parent":0,"menu_order":0,"comment_status":"closed","ping_status":"closed","template":"","meta":{"footnotes":""},"class_list":["post-30","page","type-page","status-publish","hentry"],"_links":{"self":[{"href":"https:\/\/foto-repro-webdesign.de\/jumavis\/wp-json\/wp\/v2\/pages\/30","targetHints":{"allow":["GET"]}}],"collection":[{"href":"https:\/\/foto-repro-webdesign.de\/jumavis\/wp-json\/wp\/v2\/pages"}],"about":[{"href":"https:\/\/foto-repro-webdesign.de\/jumavis\/wp-json\/wp\/v2\/types\/page"}],"author":[{"embeddable":true,"href":"https:\/\/foto-repro-webdesign.de\/jumavis\/wp-json\/wp\/v2\/users\/1"}],"replies":[{"embeddable":true,"href":"https:\/\/foto-repro-webdesign.de\/jumavis\/wp-json\/wp\/v2\/comments?post=30"}],"version-history":[{"count":8,"href":"https:\/\/foto-repro-webdesign.de\/jumavis\/wp-json\/wp\/v2\/pages\/30\/revisions"}],"predecessor-version":[{"id":2239,"href":"https:\/\/foto-repro-webdesign.de\/jumavis\/wp-json\/wp\/v2\/pages\/30\/revisions\/2239"}],"wp:attachment":[{"href":"https:\/\/foto-repro-webdesign.de\/jumavis\/wp-json\/wp\/v2\/media?parent=30"}],"curies":[{"name":"wp","href":"https:\/\/api.w.org\/{rel}","templated":true}]}}