{"id":2430,"date":"2026-04-27T19:58:46","date_gmt":"2026-04-27T17:58:46","guid":{"rendered":"https:\/\/foto-repro-webdesign.de\/jumavis\/?page_id=2430"},"modified":"2026-04-29T19:49:41","modified_gmt":"2026-04-29T17:49:41","slug":"peak-metrology","status":"publish","type":"page","link":"https:\/\/foto-repro-webdesign.de\/jumavis\/peak-metrology\/","title":{"rendered":"Peak Metrology"},"content":{"rendered":"\n<div style=\"height:50px\" aria-hidden=\"true\" class=\"wp-block-spacer\"><\/div>\n\n\n\n<section id=\"gm54914aa\" class=\"wp-block-gutentor-m3 section-gm54914aa gutentor-module gutentor-container-cover\"><div class=\"grid-container\"><div class=\"breadcrumbs align  wp-block-bcn-breadcrumb-trail has-text-color has-background\">\n\t<span><\/span>\n\tjumavis\u00ae<\/div>\n\n\n\n<h2 class=\"wp-block-heading\">Peak Metrology<\/h2>\n\n\n\n<p>Peak Metrology ist eine Tochter der Aerotech Inc. eines weltweit operierenden Anbieters hochgenauer Positioniertechnik und konzentriert sich vollst\u00e4ndig auf die Entwicklung und Herstellung von Gesamtl\u00f6sungen f\u00fcr die Pr\u00e4zisionsbewegung und Automatisierung in der Oberfl\u00e4chenmesstechnik.<\/p>\n\n\n<div class=\"wp-block-image\">\n<figure class=\"alignleft size-full\"><a href=\"https:\/\/www.peakmetrology.com\/\" target=\"_blank\" rel=\" noreferrer noopener\"><img loading=\"lazy\" decoding=\"async\" width=\"501\" height=\"236\" src=\"https:\/\/foto-repro-webdesign.de\/jumavis\/wp-content\/uploads\/2026\/04\/grafik.png\" alt=\"\" class=\"wp-image-2431\" srcset=\"https:\/\/foto-repro-webdesign.de\/jumavis\/wp-content\/uploads\/2026\/04\/grafik.png 501w, https:\/\/foto-repro-webdesign.de\/jumavis\/wp-content\/uploads\/2026\/04\/grafik-300x141.png 300w\" sizes=\"auto, (max-width: 501px) 100vw, 501px\" \/><\/a><\/figure>\n<\/div>\n\n\n<p>Die Systeme von PEAK Metrology sind hochpr\u00e4zise und hochspezialisierte L\u00f6sungen, die direkt in Produktions- und Pr\u00fcfprozesse integriert werden und f\u00fcr die Aufnahme verschiedenster Kameras, Sensoren und Mikroskope geeignet sind. Mit hochpr\u00e4ziser Positionierungsstechnologie erm\u00f6glichen sie Messungen im Mikro- und Nanometerbereich. Typische Einsatzfelder sind die Halbleiterfertigung, Elektronikproduktion, Luft- und Raumfahrt sowie die Medizintechnik, wo eine zuverl\u00e4ssige und kontinuierliche Qualit\u00e4tskontrolle unverzichtbar ist.<\/p>\n\n\n\n<p>Das Produktportfolio von Peak Metrology umfasst modulare und kundenspezifische Messsysteme aber auch Standardl\u00f6sungen. Dazu geh\u00f6ren Positioniersysteme f\u00fcr Mikroskope und Sensoren, hochpr\u00e4zise Bewegungsachsen sowie komplette Mess-Systeme, die Messung, Automatisierung und Datenverarbeitung vereinen. PEAK Metrology unterst\u00fctzt verschiedene optische Messverfahren wie z.B. konfokale Sensorik oder bildbasierte 3D-Messung.<\/p>\n\n\n\n<p>Dies erm\u00f6glicht Mess-Systeme mit denen zuverl\u00e4ssig und wirtschaftlich Parameter wie Rauheit, Geometrie oder Schichtdicken automatisiert ausgewertet werden k\u00f6nnen.<\/p>\n\n\n\n<p>jumavis\u00ae entwickelt als Partner der Peak Metrology f\u00fcr seine Kunden im eigenen Labor individuelle L\u00f6sungen, testet Anwendungen und begleitet zuverl\u00e4ssig von der Konzeption \u00fcber die Installation bis zur Inbetriebnahme.<\/p>\n\n\n\n<p>jumavis\u00ae \u2013 Ihr Systempartner f\u00fcr anspruchsvolle Mess- und Automatisierungsaufgaben in der Hightech-Industrie.<\/p>\n\n\n\n<p>Hier finden Sie die Brosch\u00fcre zur Scanplattform f\u00fcr Pr\u00e4zisionsbewegungstechnologie PM-400<br>(englisch)<\/p>\n\n\n\n<div class=\"wp-block-buttons is-layout-flex wp-block-buttons-is-layout-flex\">\n<div class=\"wp-block-button\"><a class=\"wp-block-button__link has-background wp-element-button\" href=\"https:\/\/foto-repro-webdesign.de\/jumavis\/wp-content\/uploads\/2026\/04\/PM-400-Brochure.pdf\" style=\"border-top-left-radius:4px;border-top-right-radius:4px;border-bottom-left-radius:4px;border-bottom-right-radius:4px;background-color:#004f9f\" target=\"_blank\" rel=\"noreferrer noopener\">Download<\/a><\/div>\n<\/div>\n\n\n\n<div style=\"height:100px\" aria-hidden=\"true\" class=\"wp-block-spacer\"><\/div>\n\n\n\n<p><a href=\"https:\/\/www.deltapix.dk\/de\/\" target=\"_blank\" rel=\"noreferrer noopener\"><\/a><\/p>\n<\/div><\/section>\n","protected":false},"excerpt":{"rendered":"","protected":false},"author":1,"featured_media":0,"parent":0,"menu_order":0,"comment_status":"closed","ping_status":"closed","template":"","meta":{"footnotes":""},"class_list":["post-2430","page","type-page","status-publish","hentry"],"_links":{"self":[{"href":"https:\/\/foto-repro-webdesign.de\/jumavis\/wp-json\/wp\/v2\/pages\/2430","targetHints":{"allow":["GET"]}}],"collection":[{"href":"https:\/\/foto-repro-webdesign.de\/jumavis\/wp-json\/wp\/v2\/pages"}],"about":[{"href":"https:\/\/foto-repro-webdesign.de\/jumavis\/wp-json\/wp\/v2\/types\/page"}],"author":[{"embeddable":true,"href":"https:\/\/foto-repro-webdesign.de\/jumavis\/wp-json\/wp\/v2\/users\/1"}],"replies":[{"embeddable":true,"href":"https:\/\/foto-repro-webdesign.de\/jumavis\/wp-json\/wp\/v2\/comments?post=2430"}],"version-history":[{"count":7,"href":"https:\/\/foto-repro-webdesign.de\/jumavis\/wp-json\/wp\/v2\/pages\/2430\/revisions"}],"predecessor-version":[{"id":2506,"href":"https:\/\/foto-repro-webdesign.de\/jumavis\/wp-json\/wp\/v2\/pages\/2430\/revisions\/2506"}],"wp:attachment":[{"href":"https:\/\/foto-repro-webdesign.de\/jumavis\/wp-json\/wp\/v2\/media?parent=2430"}],"curies":[{"name":"wp","href":"https:\/\/api.w.org\/{rel}","templated":true}]}}