{"id":2428,"date":"2026-04-27T19:59:11","date_gmt":"2026-04-27T17:59:11","guid":{"rendered":"https:\/\/foto-repro-webdesign.de\/jumavis\/?page_id=2428"},"modified":"2026-04-29T19:47:50","modified_gmt":"2026-04-29T17:47:50","slug":"positioniersysteme","status":"publish","type":"page","link":"https:\/\/foto-repro-webdesign.de\/jumavis\/positioniersysteme\/","title":{"rendered":"Positioniersysteme"},"content":{"rendered":"\n<div style=\"height:50px\" aria-hidden=\"true\" class=\"wp-block-spacer\"><\/div>\n\n\n\n<section id=\"gm54914aa\" class=\"wp-block-gutentor-m3 section-gm54914aa gutentor-module gutentor-container-cover\"><div class=\"grid-container\"><div class=\"breadcrumbs align  wp-block-bcn-breadcrumb-trail has-text-color has-background\">\n\t<span><\/span>\n\tjumavis\u00ae<\/div>\n\n\n\n<h2 class=\"wp-block-heading\">Positioniersysteme<\/h2>\n\n\n\n<p>Positioniersysteme bilden die Grundlage f\u00fcr pr\u00e4zise und reproduzierbare Bewegungsabl\u00e4ufe in der optischen 2D- und 3D-Messtechnik. Sie erm\u00f6glichen die exakte Ausrichtung, Positionierung und Verfahrung von Bauteilen, Sensoren und optischen Komponenten und schaffen damit die Voraussetzung f\u00fcr zuverl\u00e4ssige Messergebnisse und effiziente Pr\u00fcfprozesse. Typische Einsatzbereiche finden sich in der industriellen Qualit\u00e4tssicherung komplexer Bauteile, der Fertigungsmesstechnik sowie in Forschung und Entwicklung.<\/p>\n\n\n\n<p>Durch die hohe Wiederholgenauigkeit moderner Positioniersysteme, ihre Dynamik und die nahtlose Integration in automatisierte Abl\u00e4ufe sind sie ein wesentlicher Bestandteil leistungsf\u00e4higer Messl\u00f6sungen. Insbesondere f\u00fcr Stitching-Anwendungen sowie die Erstellung von H\u00f6henprofilen ist die Kombination mehrerer Verfahrachsen erforderlich, um gr\u00f6\u00dfere Messbereiche pr\u00e4zise abzudecken und komplexe Oberfl\u00e4chen vollst\u00e4ndig zu erfassen. Dabei erm\u00f6glichen professionelle Positioniersysteme wiederholgenaue Messabl\u00e4ufe, unterst\u00fctzen die Analyse anspruchsvoller Geometrien und tragen durch automatisierte Verfahrwege ma\u00dfgeblich zur Effizienzsteigerung bei. Gleichzeitig bieten sie flexible Konfigurationsm\u00f6glichkeiten f\u00fcr unterschiedlichste Anforderungen und Anwendungen, bei denen z. B auch eine Schwingungsd\u00e4mpfung erforderlich ist.<\/p>\n\n\n\n<p>Zusammen mit unseren leistungsstarken Partnern bietet jumavis\u00ae f\u00fcr nahezu jede Aufgabenstellung die passende L\u00f6sung \u2013 von hochpr\u00e4zisen Einzelachsen- bis hin zu komplexen Mehrachssystemen.<\/p>\n\n\n\n<div id=\"section-g293986\" class=\"wp-block-gutentor-e2 section-g293986 gutentor-element gutentor-element-button\"><span class=\"gutentor-button-wrap\"><a class=\"gutentor-button gutentor-block-button gutentor-icon-hide\" href=\"https:\/\/foto-repro-webdesign.de\/jumavis\/kontakt\/\"><i class=\"gutentor-button-icon fas fa-book\"><\/i><span>Wir freuen uns auf Ihre Anfrage<\/span><\/a><\/span><\/div>\n\n\n\n<div style=\"height:100px\" aria-hidden=\"true\" class=\"wp-block-spacer\"><\/div>\n\n\n\n<h3 class=\"wp-block-heading\"><strong>Wir arbeiten mit folgendem Partner zusammen:<\/strong><\/h3>\n\n\n\n<div style=\"height:20px\" aria-hidden=\"true\" class=\"wp-block-spacer\"><\/div>\n\n\n\n<section id=\"gm0f60eca\" class=\"wp-block-gutentor-m2 section-gm0f60eca gutentor-module gutentor-dynamic-columns\"><div class=\"grid-container\"><div class=\"grid-row\">\n<div id=\"col-gm729ab3\" class=\"wp-block-gutentor-m2-col col-gm729ab3 gutentor-module gutentor-dynamic-single-column grid-lg-3 grid-md-6 grid-12\"><div id=\"section-gm729ab3\" class=\"section-gm729ab3 gutentor-single-col\">\n<figure class=\"wp-block-image size-full\"><a href=\"https:\/\/foto-repro-webdesign.de\/jumavis\/peak-metrology\/\" target=\"_blank\" rel=\"noreferrer noopener\"><img loading=\"lazy\" decoding=\"async\" width=\"570\" height=\"422\" src=\"https:\/\/foto-repro-webdesign.de\/jumavis\/wp-content\/uploads\/2026\/04\/Logo_Peak.png\" alt=\"\" class=\"wp-image-2429\" srcset=\"https:\/\/foto-repro-webdesign.de\/jumavis\/wp-content\/uploads\/2026\/04\/Logo_Peak.png 570w, https:\/\/foto-repro-webdesign.de\/jumavis\/wp-content\/uploads\/2026\/04\/Logo_Peak-300x222.png 300w\" sizes=\"auto, (max-width: 570px) 100vw, 570px\" \/><\/a><\/figure>\n<\/div><\/div>\n<\/div><\/div><\/section>\n\n\n\n<div style=\"height:100px\" aria-hidden=\"true\" class=\"wp-block-spacer\"><\/div>\n<\/div><\/section>\n","protected":false},"excerpt":{"rendered":"","protected":false},"author":1,"featured_media":0,"parent":0,"menu_order":0,"comment_status":"closed","ping_status":"closed","template":"","meta":{"footnotes":""},"class_list":["post-2428","page","type-page","status-publish","hentry"],"_links":{"self":[{"href":"https:\/\/foto-repro-webdesign.de\/jumavis\/wp-json\/wp\/v2\/pages\/2428","targetHints":{"allow":["GET"]}}],"collection":[{"href":"https:\/\/foto-repro-webdesign.de\/jumavis\/wp-json\/wp\/v2\/pages"}],"about":[{"href":"https:\/\/foto-repro-webdesign.de\/jumavis\/wp-json\/wp\/v2\/types\/page"}],"author":[{"embeddable":true,"href":"https:\/\/foto-repro-webdesign.de\/jumavis\/wp-json\/wp\/v2\/users\/1"}],"replies":[{"embeddable":true,"href":"https:\/\/foto-repro-webdesign.de\/jumavis\/wp-json\/wp\/v2\/comments?post=2428"}],"version-history":[{"count":2,"href":"https:\/\/foto-repro-webdesign.de\/jumavis\/wp-json\/wp\/v2\/pages\/2428\/revisions"}],"predecessor-version":[{"id":2503,"href":"https:\/\/foto-repro-webdesign.de\/jumavis\/wp-json\/wp\/v2\/pages\/2428\/revisions\/2503"}],"wp:attachment":[{"href":"https:\/\/foto-repro-webdesign.de\/jumavis\/wp-json\/wp\/v2\/media?parent=2428"}],"curies":[{"name":"wp","href":"https:\/\/api.w.org\/{rel}","templated":true}]}}