{"id":2415,"date":"2026-04-27T19:17:13","date_gmt":"2026-04-27T17:17:13","guid":{"rendered":"https:\/\/foto-repro-webdesign.de\/jumavis\/?page_id=2415"},"modified":"2026-04-27T20:49:32","modified_gmt":"2026-04-27T18:49:32","slug":"fixiersysteme-2","status":"publish","type":"page","link":"https:\/\/foto-repro-webdesign.de\/jumavis\/fixiersysteme-2\/","title":{"rendered":"Fixiersysteme"},"content":{"rendered":"\n<div style=\"height:50px\" aria-hidden=\"true\" class=\"wp-block-spacer\"><\/div>\n\n\n\n<section id=\"gm54914aa\" class=\"wp-block-gutentor-m3 section-gm54914aa gutentor-module gutentor-container-cover\"><div class=\"grid-container\"><div class=\"breadcrumbs align  wp-block-bcn-breadcrumb-trail has-text-color has-background\">\n\t<span><\/span>\n\tjumavis\u00ae<\/div>\n\n\n\n<h2 class=\"wp-block-heading\">Fixiersysteme<\/h2>\n\n\n\n<p>Fixiersysteme sorgen f\u00fcr eine zuverl\u00e4ssige und stabile Montage und Positionierung von Kameras, Sensoren, Beleuchtung und Messobjekten in der 2D- und 3D-optischen Messtechnik. Sie gew\u00e4hrleisten die pr\u00e4zise Positionierung w\u00e4hrend des gesamten Messprozesses und bilden damit die Grundlage f\u00fcr zuverl\u00e4ssige und reproduzierbare Ergebnisse. Typische Einsatzbereiche finden sich in der industriellen Qualit\u00e4tssicherung, der Fertigungsmesstechnik sowie in Forschung und Entwicklung.<\/p>\n\n\n\n<p>Durch ihre hohe Stabilit\u00e4t, Flexibilit\u00e4t und Anpassungsf\u00e4higkeit sind moderne Fixiersysteme ein wesentlicher Bestandteil pr\u00e4ziser Messaufbauten. Sie erm\u00f6glichen die sichere Fixierung unterschiedlichster Komponenten und Objekte, minimieren \u00e4u\u00dfere Einfl\u00fcsse wie Vibrationen und tragen so zu konstanten Messbedingungen bei. Gleichzeitig lassen sich viele Systeme modular erweitern und individuell an spezifische Anforderungen anpassen \u2013 von einfachen Halterungen bis hin zu komplexen Spann- und Vorrichtungsl\u00f6sungen.<\/p>\n\n\n\n<p>Besondere Aufgabenstellungen erfordern spezialisierte Fixiersysteme, z.B. bei hohen Hygieneanforderungen in der Lebensmittel- und Pharmaindustrie. F\u00fcr den Einsatz in rauen Industrieumgebungen braucht es eine besonders robuste Bauweise und best\u00e4ndige Materialien, die eine zuverl\u00e4ssige Funktion auch unter h\u00e4rtesten Bedingungen erm\u00f6glichen.<\/p>\n\n\n\n<p><a><\/a>Gemeinsam mit unseren leistungsstarken Partnern bietet jumavis\u00ae f\u00fcr nahezu jede Aufgabenstellung eine passende L\u00f6sung f\u00fcr die sichere Fixierung von Kameras, Sensoren, Beleuchtungen und von Messobjekten.<\/p>\n\n\n\n<div id=\"section-g293986\" class=\"wp-block-gutentor-e2 section-g293986 gutentor-element gutentor-element-button\"><span class=\"gutentor-button-wrap\"><a class=\"gutentor-button gutentor-block-button gutentor-icon-hide\" href=\"https:\/\/foto-repro-webdesign.de\/jumavis\/kontakt\/\"><i class=\"gutentor-button-icon fas fa-book\"><\/i><span>Wir freuen uns auf Ihre Anfrage<\/span><\/a><\/span><\/div>\n\n\n\n<div style=\"height:100px\" aria-hidden=\"true\" class=\"wp-block-spacer\"><\/div>\n\n\n\n<h3 class=\"wp-block-heading\"><strong>Wir arbeiten mit folgenden Partnern zusammen:<\/strong><\/h3>\n\n\n\n<div style=\"height:20px\" aria-hidden=\"true\" class=\"wp-block-spacer\"><\/div>\n\n\n\n<section id=\"gm0f60eca\" class=\"wp-block-gutentor-m2 section-gm0f60eca gutentor-module gutentor-dynamic-columns\"><div class=\"grid-container\"><div class=\"grid-row\">\n<div id=\"col-gm729ab3\" class=\"wp-block-gutentor-m2-col col-gm729ab3 gutentor-module gutentor-dynamic-single-column grid-lg-3 grid-md-6 grid-12\"><div id=\"section-gm729ab3\" class=\"section-gm729ab3 gutentor-single-col\">\n<figure class=\"wp-block-image size-full\"><a href=\"https:\/\/www.autovimation.com\/de\/\" target=\"_blank\" rel=\"noreferrer noopener\"><img loading=\"lazy\" decoding=\"async\" width=\"570\" height=\"422\" src=\"https:\/\/foto-repro-webdesign.de\/jumavis\/wp-content\/uploads\/2023\/01\/Logo_autoVimation-1.png\" alt=\"\" class=\"wp-image-1150\" srcset=\"https:\/\/foto-repro-webdesign.de\/jumavis\/wp-content\/uploads\/2023\/01\/Logo_autoVimation-1.png 570w, https:\/\/foto-repro-webdesign.de\/jumavis\/wp-content\/uploads\/2023\/01\/Logo_autoVimation-1-300x222.png 300w\" sizes=\"auto, (max-width: 570px) 100vw, 570px\" \/><\/a><\/figure>\n<\/div><\/div>\n\n\n\n<div id=\"col-gma74421\" class=\"wp-block-gutentor-m2-col col-gma74421 gutentor-module gutentor-dynamic-single-column grid-lg-3 grid-md-6 grid-12\"><div id=\"section-gma74421\" class=\"section-gma74421 gutentor-single-col\">\n<figure class=\"wp-block-image size-full\"><a href=\"https:\/\/dk-fixiersysteme.de\/\" target=\"_blank\" rel=\"noreferrer noopener\"><img loading=\"lazy\" decoding=\"async\" width=\"570\" height=\"422\" src=\"https:\/\/foto-repro-webdesign.de\/jumavis\/wp-content\/uploads\/2025\/11\/Logo_dk-Fixiersysteme.png\" alt=\"\" class=\"wp-image-2276\" srcset=\"https:\/\/foto-repro-webdesign.de\/jumavis\/wp-content\/uploads\/2025\/11\/Logo_dk-Fixiersysteme.png 570w, https:\/\/foto-repro-webdesign.de\/jumavis\/wp-content\/uploads\/2025\/11\/Logo_dk-Fixiersysteme-300x222.png 300w\" sizes=\"auto, (max-width: 570px) 100vw, 570px\" \/><\/a><\/figure>\n<\/div><\/div>\n<\/div><\/div><\/section>\n\n\n\n<div style=\"height:100px\" aria-hidden=\"true\" class=\"wp-block-spacer\"><\/div>\n<\/div><\/section>\n","protected":false},"excerpt":{"rendered":"","protected":false},"author":1,"featured_media":0,"parent":0,"menu_order":0,"comment_status":"closed","ping_status":"closed","template":"","meta":{"footnotes":""},"class_list":["post-2415","page","type-page","status-publish","hentry"],"_links":{"self":[{"href":"https:\/\/foto-repro-webdesign.de\/jumavis\/wp-json\/wp\/v2\/pages\/2415","targetHints":{"allow":["GET"]}}],"collection":[{"href":"https:\/\/foto-repro-webdesign.de\/jumavis\/wp-json\/wp\/v2\/pages"}],"about":[{"href":"https:\/\/foto-repro-webdesign.de\/jumavis\/wp-json\/wp\/v2\/types\/page"}],"author":[{"embeddable":true,"href":"https:\/\/foto-repro-webdesign.de\/jumavis\/wp-json\/wp\/v2\/users\/1"}],"replies":[{"embeddable":true,"href":"https:\/\/foto-repro-webdesign.de\/jumavis\/wp-json\/wp\/v2\/comments?post=2415"}],"version-history":[{"count":2,"href":"https:\/\/foto-repro-webdesign.de\/jumavis\/wp-json\/wp\/v2\/pages\/2415\/revisions"}],"predecessor-version":[{"id":2470,"href":"https:\/\/foto-repro-webdesign.de\/jumavis\/wp-json\/wp\/v2\/pages\/2415\/revisions\/2470"}],"wp:attachment":[{"href":"https:\/\/foto-repro-webdesign.de\/jumavis\/wp-json\/wp\/v2\/media?parent=2415"}],"curies":[{"name":"wp","href":"https:\/\/api.w.org\/{rel}","templated":true}]}}