{"id":2307,"date":"2026-01-31T12:37:06","date_gmt":"2026-01-31T11:37:06","guid":{"rendered":"https:\/\/jumavis.com\/?page_id=2307"},"modified":"2026-03-02T17:54:15","modified_gmt":"2026-03-02T16:54:15","slug":"lucon-4c-20a-v","status":"publish","type":"page","link":"https:\/\/foto-repro-webdesign.de\/jumavis\/lucon-4c-20a-v\/","title":{"rendered":"LUCON\u00ae 4C-20A-V"},"content":{"rendered":"\n<div style=\"height:50px\" aria-hidden=\"true\" class=\"wp-block-spacer\"><\/div>\n\n\n\n<section id=\"g-h3aa4y3\" class=\"wp-block-gutentor-m3 section-g-h3aa4y3 gutentor-module gutentor-container-cover\"><div class=\"grid-container\">\n<figure class=\"wp-block-image size-full\"><img loading=\"lazy\" decoding=\"async\" width=\"417\" height=\"90\" src=\"https:\/\/foto-repro-webdesign.de\/jumavis\/wp-content\/uploads\/2025\/09\/gefasoft_logo.png\" alt=\"\" class=\"wp-image-2142\" srcset=\"https:\/\/foto-repro-webdesign.de\/jumavis\/wp-content\/uploads\/2025\/09\/gefasoft_logo.png 417w, https:\/\/foto-repro-webdesign.de\/jumavis\/wp-content\/uploads\/2025\/09\/gefasoft_logo-300x65.png 300w\" sizes=\"auto, (max-width: 417px) 100vw, 417px\" \/><\/figure>\n\n\n\n<h2 class=\"wp-block-heading\"><br><em><br><br><br><em>LUCON\u00ae 4C-20A-V \u2013 der modulare pr\u00e4zise Lichtcontroller mit vier Kan\u00e4len<\/em><\/em><\/h2>\n\n\n<div class=\"wp-block-image\">\n<figure class=\"aligncenter size-large is-resized\"><img loading=\"lazy\" decoding=\"async\" width=\"1024\" height=\"893\" src=\"https:\/\/foto-repro-webdesign.de\/jumavis\/wp-content\/uploads\/2026\/01\/Gefasoft-LUCON4-Web-1024x893.jpg\" alt=\"\" class=\"wp-image-2299\" style=\"aspect-ratio:1.146701386708976;width:498px;height:auto\" srcset=\"https:\/\/foto-repro-webdesign.de\/jumavis\/wp-content\/uploads\/2026\/01\/Gefasoft-LUCON4-Web-1024x893.jpg 1024w, https:\/\/foto-repro-webdesign.de\/jumavis\/wp-content\/uploads\/2026\/01\/Gefasoft-LUCON4-Web-300x262.jpg 300w, https:\/\/foto-repro-webdesign.de\/jumavis\/wp-content\/uploads\/2026\/01\/Gefasoft-LUCON4-Web-768x670.jpg 768w, https:\/\/foto-repro-webdesign.de\/jumavis\/wp-content\/uploads\/2026\/01\/Gefasoft-LUCON4-Web-800x698.jpg 800w, https:\/\/foto-repro-webdesign.de\/jumavis\/wp-content\/uploads\/2026\/01\/Gefasoft-LUCON4-Web.jpg 1200w\" sizes=\"auto, (max-width: 1024px) 100vw, 1024px\" \/><\/figure>\n<\/div>\n\n\n<p>Wenn es um die pr\u00e4zise Leistungsregelung von LED Beleuchtungen in Bildverarbeitung, Messtechnik oder Mikroskopie geht, sind <strong>GEFASOFT LUCON Lichtcontroller<\/strong> erste Wahl.<\/p>\n\n\n\n<p>Die neueste Entwicklung in der LUCON\u00ae-Controller-Serie: der <strong>LUCON\u00ae 4C-20A-V<\/strong> bietet vier unabh\u00e4ngige Kan\u00e4le mit einer Leistung von bis zu 20 A pro Kanal und integrierter Spannungsregelung bis 60 V. So ist es beispielsweise m\u00f6glich, auf Kanal 1 eine einzelne LED mit 20 mA \/ 3,3 V anzutreiben, w\u00e4hrend auf Kanal 2 eine gro\u00dfe Beleuchtung mit 20.000 mA \/ 60 V zum Einsatz kommt. Der LUCON ist so konzipiert, dass immer der optimale Arbeitspunkt der LED genutzt werden kann.<\/p>\n\n\n\n<p>Dies erm\u00f6glicht den flexiblen Einsatz in nahezu jeder Bildverarbeitungsanwendung. Der Strom je Kanal l\u00e4sst sich unabh\u00e4ngig und sehr pr\u00e4zise in 100 \u00b5A Schritten bis max. 20 A regeln. Der LUCON\u00ae 4C-20A-V Lichtcontroller eignet sich sowohl f\u00fcr Dauerbetrieb als auch gepulst.<\/p>\n\n\n\n<p>Wie Sie es von der LUCON\u00ae-Controller-Serie gewohnt sind, verf\u00fcgt auch der <strong>LUCON\u00ae 4C-20A-V<\/strong> \u00fcber eine Ethernet-Schnittstelle und damit einen integrierten Webserver. Das bedeutet, dass alle Einstellungen \u00fcber einen Webbrowser und die ergonomische grafische Benutzeroberfl\u00e4che konfiguriert werden k\u00f6nnen. Die Steuerung erfolgt ganz einfach. Es ist keine zus\u00e4tzliche Software erforderlich.<\/p>\n\n\n\n<p>F\u00fcr die Einbindung in eine Maschinensteuerung mit befehlsbasierter Kommunikation steht eine Ethernet-Schnittstelle mit UDP-Protokoll zur Verf\u00fcgung um die Kommandoschnittstelle (\u00fcber RS232 oder UDP) anzusprechen.<\/p>\n\n\n\n<p><strong>Flexibilit\u00e4t und Skalierbarkeit durch modularen Aufbau<\/strong><\/p>\n\n\n\n<p>Der LUCON\u00ae 4C-20A-V verf\u00fcgt \u00fcber einen modularen Aufbau. Hierzu ist ein separat erh\u00e4ltlicher Busverbinder erforderlich. Dieser wird zwischen der DIN-Schiene und dem Lichtcontroller eingef\u00fcgt. Anschlie\u00dfend ist es m\u00f6glich, alle angeschlossenen Controller mit nur einer Netzwerkverbindung zu konfigurieren.<\/p>\n\n\n\n<p>Der <strong>LUCON\u00ae 4C-20A-V<\/strong> ist abw\u00e4rtskompatibel zu LUCON\u00ae und LUCON\u00ae 2. Die Anwendung und Steuerung LUCON\u00ae 4C-20A-V istdenkbar einfach und erfahrene LUCON\u00ae-Anwender finden sich sofort zurecht . F\u00fcr den erweiterten Funktionsumfang des <strong>LUCON\u00ae 4C-20A-V<\/strong> wurden neue Befehle hinzugef\u00fcgt.<\/p>\n\n\n\n<p><strong>LUCON\u00ae 4C-20A-V<\/strong><\/p>\n\n\n\n<p>Modularer Ethernet-Lichtcontroller mit 4 unabh\u00e4ngigen Kan\u00e4len (Modular erweiterbar)<br>bis zu 3 A im Dauerlicht\/Kanal, bis zu 20 A\/Kanal im Pulsbetrieb<br>Ausgangsspannung (VOUT, pro Kanal) 1 VDC bis 60 VDC<br>Konfiguration \u00fcber integriertes Webinterface<br>Ethernet-Schnittstelle RJ45 und serielle Schnittstelle RS232<br>Ausgang\/Anschluss f\u00fcr Beleuchtung<br>optisch isolierte Trigger-Eing\u00e4nge\/-Ausg\u00e4nge<br>Versorgungsspannung (VIN) 24 VDC (+\/- 10 %)<br>Montage 35 mm DIN-Hutschiene, EN50022; K\u00fchlschlitze nach oben<br>Abmessungen (B x T x H) 107,6 mm x 111,0 mm x 60,6 mm<br>Gewicht 304 g<\/p>\n\n\n\n<p><a href=\"https:\/\/foto-repro-webdesign.de\/jumavis\/wp-content\/uploads\/2026\/03\/LUCON_4C-20A-V-de.pdf\" data-type=\"attachment\" data-id=\"2341\" target=\"_blank\" rel=\"noreferrer noopener\">Download Datenblatt (deutsch)<\/a><\/p>\n<\/div><\/section>\n\n\n\n<div style=\"height:100px\" aria-hidden=\"true\" class=\"wp-block-spacer\"><\/div>\n","protected":false},"excerpt":{"rendered":"","protected":false},"author":1,"featured_media":0,"parent":0,"menu_order":0,"comment_status":"closed","ping_status":"closed","template":"","meta":{"footnotes":""},"class_list":["post-2307","page","type-page","status-publish","hentry"],"_links":{"self":[{"href":"https:\/\/foto-repro-webdesign.de\/jumavis\/wp-json\/wp\/v2\/pages\/2307","targetHints":{"allow":["GET"]}}],"collection":[{"href":"https:\/\/foto-repro-webdesign.de\/jumavis\/wp-json\/wp\/v2\/pages"}],"about":[{"href":"https:\/\/foto-repro-webdesign.de\/jumavis\/wp-json\/wp\/v2\/types\/page"}],"author":[{"embeddable":true,"href":"https:\/\/foto-repro-webdesign.de\/jumavis\/wp-json\/wp\/v2\/users\/1"}],"replies":[{"embeddable":true,"href":"https:\/\/foto-repro-webdesign.de\/jumavis\/wp-json\/wp\/v2\/comments?post=2307"}],"version-history":[{"count":9,"href":"https:\/\/foto-repro-webdesign.de\/jumavis\/wp-json\/wp\/v2\/pages\/2307\/revisions"}],"predecessor-version":[{"id":2343,"href":"https:\/\/foto-repro-webdesign.de\/jumavis\/wp-json\/wp\/v2\/pages\/2307\/revisions\/2343"}],"wp:attachment":[{"href":"https:\/\/foto-repro-webdesign.de\/jumavis\/wp-json\/wp\/v2\/media?parent=2307"}],"curies":[{"name":"wp","href":"https:\/\/api.w.org\/{rel}","templated":true}]}}