{"id":2293,"date":"2026-01-31T12:46:45","date_gmt":"2026-01-31T11:46:45","guid":{"rendered":"https:\/\/jumavis.com\/?page_id=2293"},"modified":"2026-02-02T20:19:39","modified_gmt":"2026-02-02T19:19:39","slug":"digitalmikroskope","status":"publish","type":"page","link":"https:\/\/foto-repro-webdesign.de\/jumavis\/digitalmikroskope\/","title":{"rendered":"Digitalmikroskope"},"content":{"rendered":"\n<div style=\"height:50px\" aria-hidden=\"true\" class=\"wp-block-spacer\"><\/div>\n\n\n\n<section id=\"gm54914aa\" class=\"wp-block-gutentor-m3 section-gm54914aa gutentor-module gutentor-container-cover\"><div class=\"grid-container\"><div class=\"breadcrumbs align  wp-block-bcn-breadcrumb-trail has-text-color has-background\">\n\t<span><\/span>\n\tjumavis\u00ae<\/div>\n\n\n\n<h2 class=\"wp-block-heading\">Digitalmikroskope<\/h2>\n\n\n\n<p>Die Digitalmikroskopie erm\u00f6glicht die besonders hochaufl\u00f6sende optische Untersuchung, Analyse, kollaborative Datennutzung und Dokumentation von Objekten, Oberfl\u00e4chen und Werkst\u00fccken. Ihre Hauptanwendungen liegen in der industriellen Qualit\u00e4tssicherung aber auch der Materialpr\u00fcfung und der medizinisch-wissenschaftlichen Forschung.<\/p>\n\n\n\n<p>Durch die hohe Flexibilit\u00e4t moderner Systeme, deren enorme Tiefensch\u00e4rfe und automatisierte Workflows ist die Digitalmikroskopie vor allem in der Qualit\u00e4tssicherung unverzichtbar, da sie hochaufl\u00f6sende Analysen, pr\u00e4zise 2D\/3D-Messungen und eine einfache Datenspeicherung und -auswertung von Produkten erm\u00f6glicht und so eine enorme Effizienz in der Qualit\u00e4tskontrolle automatisierter Workflows erreicht.<\/p>\n\n\n\n<p>jumavis<sup>\u00ae<\/sup> hat auch auf dem Gebiet der Digitalmikroskopie langj\u00e4hrige Erfahrung und Spezialisten-Wissen. Unsere leistungsf\u00e4higen Partner bieten f\u00fcr nahezu jede Aufgabenstellung das richtige Digitalmikroskopie-System.<\/p>\n\n\n\n<div id=\"section-g293986\" class=\"wp-block-gutentor-e2 section-g293986 gutentor-element gutentor-element-button\"><span class=\"gutentor-button-wrap\"><a class=\"gutentor-button gutentor-block-button gutentor-icon-hide\" href=\"https:\/\/foto-repro-webdesign.de\/jumavis\/kontakt\/\"><i class=\"gutentor-button-icon fas fa-book\"><\/i><span>Wir freuen uns auf Ihre Anfrage<\/span><\/a><\/span><\/div>\n\n\n\n<div style=\"height:100px\" aria-hidden=\"true\" class=\"wp-block-spacer\"><\/div>\n\n\n\n<h3 class=\"wp-block-heading\"><strong>Im Bereich Digitalmikroskopie arbeiten wir mit folgendem Partner zusammen:<\/strong><\/h3>\n\n\n\n<div style=\"height:20px\" aria-hidden=\"true\" class=\"wp-block-spacer\"><\/div>\n\n\n\n<section id=\"gm0f60eca\" class=\"wp-block-gutentor-m2 section-gm0f60eca gutentor-module gutentor-dynamic-columns\"><div class=\"grid-container\"><div class=\"grid-row\">\n<div id=\"col-gm729ab3\" class=\"wp-block-gutentor-m2-col col-gm729ab3 gutentor-module gutentor-dynamic-single-column grid-lg-3 grid-md-6 grid-12\"><div id=\"section-gm729ab3\" class=\"section-gm729ab3 gutentor-single-col\">\n<figure class=\"wp-block-image size-full\"><a href=\"https:\/\/www.deltapix.dk\/digital-microscopes\/\" target=\"_blank\" rel=\"noreferrer noopener\"><img loading=\"lazy\" decoding=\"async\" width=\"570\" height=\"422\" src=\"https:\/\/foto-repro-webdesign.de\/jumavis\/wp-content\/uploads\/2023\/09\/Logo_DeltaPix.jpg\" alt=\"\" class=\"wp-image-1689\" srcset=\"https:\/\/foto-repro-webdesign.de\/jumavis\/wp-content\/uploads\/2023\/09\/Logo_DeltaPix.jpg 570w, https:\/\/foto-repro-webdesign.de\/jumavis\/wp-content\/uploads\/2023\/09\/Logo_DeltaPix-300x222.jpg 300w\" sizes=\"auto, (max-width: 570px) 100vw, 570px\" \/><\/a><\/figure>\n<\/div><\/div>\n\n\n\n<div id=\"col-g-pw1wd3w\" class=\"wp-block-gutentor-m2-col col-g-pw1wd3w gutentor-module gutentor-dynamic-single-column grid-lg-3 grid-md-6 grid-12\"><div id=\"section-g-pw1wd3w\" class=\"section-g-pw1wd3w gutentor-single-col\"><\/div><\/div>\n<\/div><\/div><\/section>\n\n\n\n<p><a href=\"https:\/\/www.deltapix.dk\/de\/\" target=\"_blank\" rel=\"noreferrer noopener\"><\/a><\/p>\n\n\n\n<div style=\"height:100px\" aria-hidden=\"true\" class=\"wp-block-spacer\"><\/div>\n<\/div><\/section>\n","protected":false},"excerpt":{"rendered":"","protected":false},"author":1,"featured_media":0,"parent":0,"menu_order":0,"comment_status":"closed","ping_status":"closed","template":"","meta":{"footnotes":""},"class_list":["post-2293","page","type-page","status-publish","hentry"],"_links":{"self":[{"href":"https:\/\/foto-repro-webdesign.de\/jumavis\/wp-json\/wp\/v2\/pages\/2293","targetHints":{"allow":["GET"]}}],"collection":[{"href":"https:\/\/foto-repro-webdesign.de\/jumavis\/wp-json\/wp\/v2\/pages"}],"about":[{"href":"https:\/\/foto-repro-webdesign.de\/jumavis\/wp-json\/wp\/v2\/types\/page"}],"author":[{"embeddable":true,"href":"https:\/\/foto-repro-webdesign.de\/jumavis\/wp-json\/wp\/v2\/users\/1"}],"replies":[{"embeddable":true,"href":"https:\/\/foto-repro-webdesign.de\/jumavis\/wp-json\/wp\/v2\/comments?post=2293"}],"version-history":[{"count":4,"href":"https:\/\/foto-repro-webdesign.de\/jumavis\/wp-json\/wp\/v2\/pages\/2293\/revisions"}],"predecessor-version":[{"id":2336,"href":"https:\/\/foto-repro-webdesign.de\/jumavis\/wp-json\/wp\/v2\/pages\/2293\/revisions\/2336"}],"wp:attachment":[{"href":"https:\/\/foto-repro-webdesign.de\/jumavis\/wp-json\/wp\/v2\/media?parent=2293"}],"curies":[{"name":"wp","href":"https:\/\/api.w.org\/{rel}","templated":true}]}}