{"id":2259,"date":"2025-10-23T17:25:29","date_gmt":"2025-10-23T15:25:29","guid":{"rendered":"https:\/\/jumavis.com\/?page_id=2259"},"modified":"2025-10-23T17:29:04","modified_gmt":"2025-10-23T15:29:04","slug":"ricoh-sc-20-inspektionskamera","status":"publish","type":"page","link":"https:\/\/foto-repro-webdesign.de\/jumavis\/ricoh-sc-20-inspektionskamera\/","title":{"rendered":"RICOH SC-20 &#8211; Inspektionskamera"},"content":{"rendered":"\n<div style=\"height:30px\" aria-hidden=\"true\" class=\"wp-block-spacer\"><\/div>\n\n\n\n<section id=\"g-0422l11\" class=\"wp-block-gutentor-m3 section-g-0422l11 gutentor-module gutentor-container-cover\"><div class=\"grid-container\">\n<div class=\"wp-block-columns is-layout-flex wp-container-core-columns-is-layout-9d6595d7 wp-block-columns-is-layout-flex\">\n<div class=\"wp-block-column is-layout-flow wp-block-column-is-layout-flow\">\n<figure class=\"wp-block-image size-full\"><img loading=\"lazy\" decoding=\"async\" width=\"570\" height=\"422\" src=\"https:\/\/foto-repro-webdesign.de\/jumavis\/wp-content\/uploads\/2023\/01\/Logo_RICOH.png\" alt=\"\" class=\"wp-image-1123\" srcset=\"https:\/\/foto-repro-webdesign.de\/jumavis\/wp-content\/uploads\/2023\/01\/Logo_RICOH.png 570w, https:\/\/foto-repro-webdesign.de\/jumavis\/wp-content\/uploads\/2023\/01\/Logo_RICOH-300x222.png 300w\" sizes=\"auto, (max-width: 570px) 100vw, 570px\" \/><\/figure>\n<\/div>\n\n\n\n<div class=\"wp-block-column is-layout-flow wp-block-column-is-layout-flow\">\n<figure class=\"wp-block-image size-full\"><img loading=\"lazy\" decoding=\"async\" width=\"577\" height=\"366\" src=\"https:\/\/foto-repro-webdesign.de\/jumavis\/wp-content\/uploads\/2025\/10\/RICOH-SC20-Anwendung.jpg\" alt=\"\" class=\"wp-image-2261\" srcset=\"https:\/\/foto-repro-webdesign.de\/jumavis\/wp-content\/uploads\/2025\/10\/RICOH-SC20-Anwendung.jpg 577w, https:\/\/foto-repro-webdesign.de\/jumavis\/wp-content\/uploads\/2025\/10\/RICOH-SC20-Anwendung-300x190.jpg 300w\" sizes=\"auto, (max-width: 577px) 100vw, 577px\" \/><\/figure>\n<\/div>\n<\/div>\n\n\n\n<h2 class=\"wp-block-heading\">RICOH SC-20 &#8211; Inspektionskamera<\/h2>\n\n\n\n<p>Die RICOH SC-20 ist eine industrielle Inspektionskamera f\u00fcr die Qualit\u00e4tskontrolle von Montageprozessen. Sie erm\u00f6glicht eine Echtzeit-\u00dcberpr\u00fcfung, ohne dass ein PC ben\u00f6tigt wird. Die RICOH SC-20 ist in der Lage, Fehler wie fehlende Teile oder falsche Montagepositionen zu erkennen.<\/p>\n\n\n\n<p>Funktionen und Einsatzbereiche&nbsp;f\u00fcr die RICOH SC-20<\/p>\n\n\n\n<ul class=\"wp-block-list\">\n<li><strong>Echtzeit-Qualit\u00e4tskontrolle:<\/strong> Die Kamera pr\u00fcft w\u00e4hrend des Montageprozesses die Montagestruktur einer Baugruppe automatisch.<br><\/li>\n\n\n\n<li><strong>Fehlererkennung:<\/strong> Erkennung fehlender Teile, falscher Komponenten oder einer falschen Montagereihenfolge und Ausgabe eines akustischen Signals.<br><\/li>\n\n\n\n<li><strong>PC-unabh\u00e4ngiger Betrieb: <\/strong>Der integrierte PC erm\u00f6glicht eine einfache Installation und Bedienung mit Maus, Tastatur und Monitor. Die Bedienung \u00fcber einen Touch-Monitor ist m\u00f6glich und die Kamera kann ins Netzwerk eingebunden werden.<br><\/li>\n\n\n\n<li><strong>Optionale Funktionen:<\/strong> Barcodes, 2D-Codes und OCR k\u00f6nnen gelesen werden. Ein externer Codereader oder ein Schrauber mit Drehmomenterfassung k\u00f6nnen angebunden werden.<\/li>\n<\/ul>\n\n\n\n<p>Vorteile durch die Anwendung der RICOH SC20<\/p>\n\n\n\n<ul class=\"wp-block-list\">\n<li><strong>Reduzierung von Inspektionsfehlern:<\/strong> Durch die digitale Inspektion wird die Variabilit\u00e4t der menschlichen Qualit\u00e4tskontrolle vermieden.\u00a0Die RICOH SC-20 gibt ein akustisches Signal und zeigt dem Mitarbeiter, wo ein Fehler vorliegt.<br><\/li>\n\n\n\n<li><strong>Einfache Implementierung:<\/strong> Die intuitive Bedienung und die PC-Unabh\u00e4ngigkeit erleichtern die Einf\u00fchrung in den Produktionsablauf.\u00a0<\/li>\n<\/ul>\n\n\n\n<p>Sehn Sie hier auf <a href=\"https:\/\/www.youtube.com\/watch?v=QrsfOzmQXvA\" target=\"_blank\" rel=\"noreferrer noopener lightbox-video-0\">youtube,<\/a> wie einfach und professionell die RICOH SC-20 Handarbeitspl\u00e4tze optimieren und Fehler vermeiden kann.<\/p>\n\n\n\n<p><a href=\"https:\/\/foto-repro-webdesign.de\/jumavis\/wp-content\/uploads\/2025\/10\/RICOH-SC20_en_jumavis.pdf\" data-type=\"attachment\" data-id=\"2262\" target=\"_blank\" rel=\"noreferrer noopener\">Download Datenblatt (englisch)<\/a><\/p>\n<\/div><\/section>\n\n\n\n<div style=\"height:100px\" aria-hidden=\"true\" class=\"wp-block-spacer\"><\/div>\n","protected":false},"excerpt":{"rendered":"","protected":false},"author":1,"featured_media":0,"parent":0,"menu_order":0,"comment_status":"closed","ping_status":"closed","template":"index.php","meta":{"footnotes":""},"class_list":["post-2259","page","type-page","status-publish","hentry"],"_links":{"self":[{"href":"https:\/\/foto-repro-webdesign.de\/jumavis\/wp-json\/wp\/v2\/pages\/2259","targetHints":{"allow":["GET"]}}],"collection":[{"href":"https:\/\/foto-repro-webdesign.de\/jumavis\/wp-json\/wp\/v2\/pages"}],"about":[{"href":"https:\/\/foto-repro-webdesign.de\/jumavis\/wp-json\/wp\/v2\/types\/page"}],"author":[{"embeddable":true,"href":"https:\/\/foto-repro-webdesign.de\/jumavis\/wp-json\/wp\/v2\/users\/1"}],"replies":[{"embeddable":true,"href":"https:\/\/foto-repro-webdesign.de\/jumavis\/wp-json\/wp\/v2\/comments?post=2259"}],"version-history":[{"count":4,"href":"https:\/\/foto-repro-webdesign.de\/jumavis\/wp-json\/wp\/v2\/pages\/2259\/revisions"}],"predecessor-version":[{"id":2267,"href":"https:\/\/foto-repro-webdesign.de\/jumavis\/wp-json\/wp\/v2\/pages\/2259\/revisions\/2267"}],"wp:attachment":[{"href":"https:\/\/foto-repro-webdesign.de\/jumavis\/wp-json\/wp\/v2\/media?parent=2259"}],"curies":[{"name":"wp","href":"https:\/\/api.w.org\/{rel}","templated":true}]}}