{"id":2141,"date":"2025-09-04T19:40:38","date_gmt":"2025-09-04T17:40:38","guid":{"rendered":"https:\/\/jumavis.com\/?page_id=2141"},"modified":"2025-09-08T18:19:18","modified_gmt":"2025-09-08T16:19:18","slug":"lucon2-der-praezise-lichtcontroller","status":"publish","type":"page","link":"https:\/\/foto-repro-webdesign.de\/jumavis\/lucon2-der-praezise-lichtcontroller\/","title":{"rendered":"LUCON2\u00ae &#8211; der pr\u00e4zise Lichtcontroller"},"content":{"rendered":"\n<div style=\"height:50px\" aria-hidden=\"true\" class=\"wp-block-spacer\"><\/div>\n\n\n\n<section id=\"g-h3aa4y3\" class=\"wp-block-gutentor-m3 section-g-h3aa4y3 gutentor-module gutentor-container-cover\"><div class=\"grid-container\">\n<figure class=\"wp-block-image size-full\"><img loading=\"lazy\" decoding=\"async\" width=\"417\" height=\"90\" src=\"https:\/\/foto-repro-webdesign.de\/jumavis\/wp-content\/uploads\/2025\/09\/gefasoft_logo.png\" alt=\"\" class=\"wp-image-2142\" srcset=\"https:\/\/foto-repro-webdesign.de\/jumavis\/wp-content\/uploads\/2025\/09\/gefasoft_logo.png 417w, https:\/\/foto-repro-webdesign.de\/jumavis\/wp-content\/uploads\/2025\/09\/gefasoft_logo-300x65.png 300w\" sizes=\"auto, (max-width: 417px) 100vw, 417px\" \/><\/figure>\n\n\n\n<h2 class=\"wp-block-heading\"><br><em>LUCON2\u00ae &#8211; der pr\u00e4zise Lichtcontroller<\/em><\/h2>\n\n\n\n<figure class=\"wp-block-image size-large\"><img loading=\"lazy\" decoding=\"async\" width=\"1024\" height=\"414\" src=\"https:\/\/foto-repro-webdesign.de\/jumavis\/wp-content\/uploads\/2025\/09\/Gefasoft-LUCON2-1024x414.jpg\" alt=\"\" class=\"wp-image-2149\" srcset=\"https:\/\/foto-repro-webdesign.de\/jumavis\/wp-content\/uploads\/2025\/09\/Gefasoft-LUCON2-1024x414.jpg 1024w, https:\/\/foto-repro-webdesign.de\/jumavis\/wp-content\/uploads\/2025\/09\/Gefasoft-LUCON2-300x121.jpg 300w, https:\/\/foto-repro-webdesign.de\/jumavis\/wp-content\/uploads\/2025\/09\/Gefasoft-LUCON2-768x311.jpg 768w, https:\/\/foto-repro-webdesign.de\/jumavis\/wp-content\/uploads\/2025\/09\/Gefasoft-LUCON2-1536x622.jpg 1536w, https:\/\/foto-repro-webdesign.de\/jumavis\/wp-content\/uploads\/2025\/09\/Gefasoft-LUCON2-800x324.jpg 800w, https:\/\/foto-repro-webdesign.de\/jumavis\/wp-content\/uploads\/2025\/09\/Gefasoft-LUCON2.jpg 1772w\" sizes=\"auto, (max-width: 1024px) 100vw, 1024px\" \/><\/figure>\n\n\n\n<p>Wenn es um die pr\u00e4zise Leistungsregelung von LED Beleuchtungen in Bildverarbeitung, Messtechnik oder Mikroskopie geht, ist der<strong> GEFASOFT LUCON2 Lichtcontroller<\/strong> erste Wahl.<\/p>\n\n\n\n<p>Dank des modularen Aufbaus k\u00f6nnen bis zu 16 unabh\u00e4ngig ansteuerbare Kan\u00e4le integriert werden. Der Strom je Kanal l\u00e4sst sich unabh\u00e4ngig und sehr pr\u00e4zise in 100 \u00b5A Schritten bis max. 20 A regeln. Die LUCON2 Lichtsteuerger\u00e4te eignen sich sowohl f\u00fcr Dauerbetrieb als auch gepulst. In beiden F\u00e4llen wird der Strom auf den festgelegten Wert geregelt.<\/p>\n\n\n\n<p>Die Konfiguration aller angeschlossenen Steuerkan\u00e4le erfolgt \u00fcber ein integriertes grafisches Webinterface am Master-Modul. Die Steuerung erfolgt ganz einfach \u00fcber einen Webbrowser. Es ist keine zus\u00e4tzliche Software erforderlich. F\u00fcr die Einbindung in eine Maschinensteuerung ist ein SDK verf\u00fcgbar um die Kommandoschnittstelle (\u00fcber RS232 oder UDP) anzusprechen.<\/p>\n\n\n\n<p><strong>LUCON2 Master-Modul<\/strong><\/p>\n\n\n\n<p>Modularer Ethernet-Lichtcontroller<br>auf bis zu 16 unabh\u00e4ngige Kan\u00e4le (1 Master und max. 15 Slave-Module) erweiterbar<br>bis zu 3 A im Dauerlicht\/Kanal, bis zu 20 A\/Kanal im Pulsbetrieb<br>Konfiguration \u00fcber integriertes Webinterface<br>Ethernet-Schnittstelle RJ45 und serielle Schnittstelle RS232<br>Ausgang\/Anschluss f\u00fcr Beleuchtung<br>optisch isolierte Trigger-Eing\u00e4nge\/-Ausg\u00e4nge<br>Versorgungsspannung von 12 V DC bis 48V DC<\/p>\n\n\n\n<p><strong>LUCON2 Slave-Modul<\/strong><br>Modularer Lichtcontroller<br>zur Konfiguration wird 1 x Master-Modul ben\u00f6tigt<br>jedes Slave-Modul separat konfigurierbar<br>\u00fcber Master-Modul wird Slave-Modul \u00fcber Querverbinder-Bus mit Strom versorgt<br>Ausgang\/Anschluss f\u00fcr Beleuchtung<br>optisch isolierte Trigger-Eing\u00e4nge\/-Ausg\u00e4nge<\/p>\n\n\n\n<p><a href=\"https:\/\/foto-repro-webdesign.de\/jumavis\/wp-content\/uploads\/2025\/09\/Datenblatt-LUCON2-DE.pdf\" data-type=\"attachment\" data-id=\"2202\">Download Datenblatt (deutsch)<\/a><\/p>\n<\/div><\/section>\n\n\n\n<div style=\"height:100px\" aria-hidden=\"true\" class=\"wp-block-spacer\"><\/div>\n","protected":false},"excerpt":{"rendered":"","protected":false},"author":1,"featured_media":0,"parent":0,"menu_order":0,"comment_status":"closed","ping_status":"closed","template":"index.php","meta":{"footnotes":""},"class_list":["post-2141","page","type-page","status-publish","hentry"],"_links":{"self":[{"href":"https:\/\/foto-repro-webdesign.de\/jumavis\/wp-json\/wp\/v2\/pages\/2141","targetHints":{"allow":["GET"]}}],"collection":[{"href":"https:\/\/foto-repro-webdesign.de\/jumavis\/wp-json\/wp\/v2\/pages"}],"about":[{"href":"https:\/\/foto-repro-webdesign.de\/jumavis\/wp-json\/wp\/v2\/types\/page"}],"author":[{"embeddable":true,"href":"https:\/\/foto-repro-webdesign.de\/jumavis\/wp-json\/wp\/v2\/users\/1"}],"replies":[{"embeddable":true,"href":"https:\/\/foto-repro-webdesign.de\/jumavis\/wp-json\/wp\/v2\/comments?post=2141"}],"version-history":[{"count":7,"href":"https:\/\/foto-repro-webdesign.de\/jumavis\/wp-json\/wp\/v2\/pages\/2141\/revisions"}],"predecessor-version":[{"id":2219,"href":"https:\/\/foto-repro-webdesign.de\/jumavis\/wp-json\/wp\/v2\/pages\/2141\/revisions\/2219"}],"wp:attachment":[{"href":"https:\/\/foto-repro-webdesign.de\/jumavis\/wp-json\/wp\/v2\/media?parent=2141"}],"curies":[{"name":"wp","href":"https:\/\/api.w.org\/{rel}","templated":true}]}}