{"id":195,"date":"2022-07-04T21:54:31","date_gmt":"2022-07-04T19:54:31","guid":{"rendered":"https:\/\/jumavis.com\/?page_id=195"},"modified":"2024-02-12T17:16:39","modified_gmt":"2024-02-12T16:16:39","slug":"kontakt","status":"publish","type":"page","link":"https:\/\/foto-repro-webdesign.de\/jumavis\/kontakt\/","title":{"rendered":"Kontakt"},"content":{"rendered":"\n<div style=\"height:100px\" aria-hidden=\"true\" class=\"wp-block-spacer\"><\/div>\n\n\n\n<section id=\"gm578494e\" class=\"wp-block-gutentor-m3 section-gm578494e gutentor-module gutentor-container-cover\"><div class=\"grid-container\">\n<section id=\"gmb217349\" class=\"wp-block-gutentor-m2 section-gmb217349 gutentor-module gutentor-dynamic-columns\"><div class=\"grid-container\"><div class=\"grid-row\">\n<div id=\"col-gmcc5ce9\" class=\"wp-block-gutentor-m2-col col-gmcc5ce9 gutentor-module gutentor-dynamic-single-column grid-lg-6 grid-md-6 grid-12\"><div id=\"section-gmcc5ce9\" class=\"section-gmcc5ce9 gutentor-single-col\">\n<h2 class=\"wp-block-heading\">Kontakt<\/h2>\n\n\n\n<p>jumavis GmbH<br>Albgaustra\u00dfe 1c<br>76337 Waldbronn<\/p>\n\n\n\n<p>Telefon: +49\u200972\u200943\u2009\/\u200920 677-0<br>E-Mail: <a rel=\"noreferrer noopener\" href=\"mailto:info@jumavis.de\" target=\"_blank\">info@jumavis.de<\/a><br>web: <a rel=\"noreferrer noopener\" href=\"https:\/\/jumavis.de\" target=\"_blank\">https:\/\/jumavis.de<\/a><\/p>\n\n\n\n<div style=\"height:30px\" aria-hidden=\"true\" class=\"wp-block-spacer\"><\/div>\n\n\n\n<h2 class=\"wp-block-heading\">Ihr Kontakt bei Servicefragen<\/h2>\n\n\n\n<p>Sie ben\u00f6tigen Unterst\u00fctzung f\u00fcr ein geliefertes Produkt oder haben eine Reklamation?<br><br>Damit Ihre Anfrage gleich an die richtige Stelle kommt, bitten wir Sie, Ihre Serviceanfrage oder Reklamation direkt an die Mail-Adresse:<br><br><a href=\"mailto:Service@jumavis.de\"><strong>service@jumavis.de<\/strong><\/a><br><br>zu senden. Ihre Zufriedenheit liegt uns sehr am Herzen und wir werden uns bem\u00fchen, Ihr Anliegen schnellstm\u00f6glich zu bearbeiten.<br><br>Wir freuen uns selbstverst\u00e4ndlich auch, wenn Sie Tipps oder W\u00fcnsche haben, wie wir unsere Leistungen f\u00fcr Sie noch weiter verbessern k\u00f6nnen.<br><br>Herzlichen Dank.<br><br>Ihr jumavis-Team<\/p>\n<\/div><\/div>\n\n\n\n<div id=\"col-gm1d6e47\" class=\"wp-block-gutentor-m2-col col-gm1d6e47 gutentor-module gutentor-dynamic-single-column grid-lg-6 grid-md-6 grid-12\"><div id=\"section-gm1d6e47\" class=\"section-gm1d6e47 gutentor-single-col\">\n<h2 class=\"wp-block-heading\">Kontaktformular<\/h2>\n\n\n\n<div class=\"wpcf7 no-js\" id=\"wpcf7-f656-o1\" lang=\"de-DE\" dir=\"ltr\" data-wpcf7-id=\"656\">\n<div class=\"screen-reader-response\"><p role=\"status\" aria-live=\"polite\" aria-atomic=\"true\"><\/p> <ul><\/ul><\/div>\n<form action=\"\/jumavis\/wp-json\/wp\/v2\/pages\/195#wpcf7-f656-o1\" method=\"post\" class=\"wpcf7-form init\" aria-label=\"Kontaktformular\" novalidate=\"novalidate\" data-status=\"init\">\n<fieldset class=\"hidden-fields-container\"><input type=\"hidden\" name=\"_wpcf7\" value=\"656\" \/><input type=\"hidden\" name=\"_wpcf7_version\" value=\"6.1.5\" \/><input type=\"hidden\" name=\"_wpcf7_locale\" value=\"de_DE\" \/><input type=\"hidden\" name=\"_wpcf7_unit_tag\" value=\"wpcf7-f656-o1\" \/><input type=\"hidden\" name=\"_wpcf7_container_post\" value=\"0\" \/><input type=\"hidden\" name=\"_wpcf7_posted_data_hash\" value=\"\" \/>\n<\/fieldset>\n<p><label> Ihr Unternehmen<br \/>\n<span class=\"wpcf7-form-control-wrap\" data-name=\"firma\"><input size=\"40\" maxlength=\"400\" class=\"wpcf7-form-control wpcf7-text\" aria-invalid=\"false\" value=\"\" type=\"text\" name=\"firma\" \/><\/span> <\/label>\n<\/p>\n<p><label>Ihr Name*<br \/>\n<span class=\"wpcf7-form-control-wrap\" data-name=\"dername\"><input size=\"40\" maxlength=\"400\" class=\"wpcf7-form-control wpcf7-text wpcf7-validates-as-required\" aria-required=\"true\" aria-invalid=\"false\" value=\"\" type=\"text\" name=\"dername\" \/><\/span> <\/label>\n<\/p>\n<p><label> Stra\u00dfenname*<br \/>\n<span class=\"wpcf7-form-control-wrap\" data-name=\"strassenname\"><input size=\"40\" maxlength=\"400\" class=\"wpcf7-form-control wpcf7-text wpcf7-validates-as-required\" aria-required=\"true\" aria-invalid=\"false\" value=\"\" type=\"text\" name=\"strassenname\" \/><\/span> <\/label>\n<\/p>\n<p><label> Hausnummer*<br \/>\n<span class=\"wpcf7-form-control-wrap\" data-name=\"hausnummer\"><input size=\"40\" maxlength=\"400\" class=\"wpcf7-form-control wpcf7-text wpcf7-validates-as-required\" aria-required=\"true\" aria-invalid=\"false\" value=\"\" type=\"text\" name=\"hausnummer\" \/><\/span> <\/label>\n<\/p>\n<p><label> Postleitzahl*<br \/>\n<span class=\"wpcf7-form-control-wrap\" data-name=\"plz\"><input size=\"40\" maxlength=\"400\" class=\"wpcf7-form-control wpcf7-text wpcf7-validates-as-required\" aria-required=\"true\" aria-invalid=\"false\" value=\"\" type=\"text\" name=\"plz\" \/><\/span> <\/label>\n<\/p>\n<p><label> Ort*<br \/>\n<span class=\"wpcf7-form-control-wrap\" data-name=\"ort\"><input size=\"40\" maxlength=\"400\" class=\"wpcf7-form-control wpcf7-text wpcf7-validates-as-required\" aria-required=\"true\" aria-invalid=\"false\" value=\"\" type=\"text\" name=\"ort\" \/><\/span> <\/label>\n<\/p>\n<p><label> Land*<br \/>\n<span class=\"wpcf7-form-control-wrap\" data-name=\"land\"><input size=\"40\" maxlength=\"400\" class=\"wpcf7-form-control wpcf7-text wpcf7-validates-as-required\" aria-required=\"true\" aria-invalid=\"false\" value=\"\" type=\"text\" name=\"land\" \/><\/span> <\/label>\n<\/p>\n<p><label> Ihre E-Mail-Adresse*<br \/>\n<span class=\"wpcf7-form-control-wrap\" data-name=\"email\"><input size=\"40\" maxlength=\"400\" class=\"wpcf7-form-control wpcf7-email wpcf7-validates-as-required wpcf7-text wpcf7-validates-as-email\" aria-required=\"true\" aria-invalid=\"false\" value=\"\" type=\"email\" name=\"email\" \/><\/span> <\/label>\n<\/p>\n<p><label> Ihre Telefonnummer*<br \/>\n<span class=\"wpcf7-form-control-wrap\" data-name=\"tel-944\"><input size=\"40\" maxlength=\"400\" class=\"wpcf7-form-control wpcf7-tel wpcf7-validates-as-required wpcf7-text wpcf7-validates-as-tel\" aria-required=\"true\" aria-invalid=\"false\" value=\"\" type=\"tel\" name=\"tel-944\" \/><\/span> <\/label>\n<\/p>\n<p><label> Was d\u00fcrfen wir f\u00fcr Sie tun?<br \/>\n<span class=\"wpcf7-form-control-wrap\" data-name=\"betreff\"><select class=\"wpcf7-form-control wpcf7-select\" aria-invalid=\"false\" name=\"betreff\"><option value=\"Bitte ausw\u00e4hlen\">Bitte ausw\u00e4hlen<\/option><option value=\"Ich w\u00fcnsche eine pers\u00f6nliche Beratung\">Ich w\u00fcnsche eine pers\u00f6nliche Beratung<\/option><option value=\"Ich bitte um R\u00fcckruf\">Ich bitte um R\u00fcckruf<\/option><option value=\"Sonstiges Anliegen\">Sonstiges Anliegen<\/option><\/select><\/span> <\/label>\n<\/p>\n<p><label> Ihre Nachricht an uns (optional)<br \/>\n<span class=\"wpcf7-form-control-wrap\" data-name=\"nachricht\"><textarea cols=\"40\" rows=\"10\" maxlength=\"2000\" class=\"wpcf7-form-control wpcf7-textarea\" aria-invalid=\"false\" name=\"nachricht\"><\/textarea><\/span> <\/label>\n<\/p>\n<p>F\u00fcr die Kontaktaufnahme gen\u00fcgen die Angaben in den Pflichtfeldern. Diese sind mit einem * markiert.\n<\/p>\n<p><label><span class=\"wpcf7-form-control-wrap\" data-name=\"acceptance-465\"><span class=\"wpcf7-form-control wpcf7-acceptance\"><span class=\"wpcf7-list-item\"><input type=\"checkbox\" name=\"acceptance-465\" value=\"1\" aria-invalid=\"false\" \/><\/span><\/span><\/span> Ich habe die <a href=\"https:\/\/foto-repro-webdesign.de\/jumavis\/datenschutz\" target=\"_blank\">Datenschutzerkl\u00e4rung<\/a> zur Kenntnis genommen und stimme zu, dass meine Angaben und Daten zur Beantwortung meiner Anfrage elektronisch erhoben und gespeichert werden. Hinweis: Sie k\u00f6nnen Ihre Einwilligung jederzeit f\u00fcr die Zukunft per E-Mail an <a href=\"mailto:info@jumavis.de\">info@jumavis.de<\/a> widerrufen. <\/label>\n<\/p>\n<p><input class=\"wpcf7-form-control wpcf7-submit has-spinner\" type=\"submit\" value=\"Senden\" \/>\n<\/p><div class=\"wpcf7-response-output\" aria-hidden=\"true\"><\/div>\n<\/form>\n<\/div>\n\n<\/div><\/div>\n<\/div><\/div><\/section>\n\n\n\n<div style=\"height:100px\" aria-hidden=\"true\" class=\"wp-block-spacer\"><\/div>\n<\/div><\/section>\n\n\n\n<div style=\"height:100px\" aria-hidden=\"true\" class=\"wp-block-spacer\"><\/div>\n","protected":false},"excerpt":{"rendered":"","protected":false},"author":1,"featured_media":0,"parent":0,"menu_order":0,"comment_status":"closed","ping_status":"closed","template":"","meta":{"footnotes":""},"class_list":["post-195","page","type-page","status-publish","hentry"],"_links":{"self":[{"href":"https:\/\/foto-repro-webdesign.de\/jumavis\/wp-json\/wp\/v2\/pages\/195","targetHints":{"allow":["GET"]}}],"collection":[{"href":"https:\/\/foto-repro-webdesign.de\/jumavis\/wp-json\/wp\/v2\/pages"}],"about":[{"href":"https:\/\/foto-repro-webdesign.de\/jumavis\/wp-json\/wp\/v2\/types\/page"}],"author":[{"embeddable":true,"href":"https:\/\/foto-repro-webdesign.de\/jumavis\/wp-json\/wp\/v2\/users\/1"}],"replies":[{"embeddable":true,"href":"https:\/\/foto-repro-webdesign.de\/jumavis\/wp-json\/wp\/v2\/comments?post=195"}],"version-history":[{"count":26,"href":"https:\/\/foto-repro-webdesign.de\/jumavis\/wp-json\/wp\/v2\/pages\/195\/revisions"}],"predecessor-version":[{"id":1783,"href":"https:\/\/foto-repro-webdesign.de\/jumavis\/wp-json\/wp\/v2\/pages\/195\/revisions\/1783"}],"wp:attachment":[{"href":"https:\/\/foto-repro-webdesign.de\/jumavis\/wp-json\/wp\/v2\/media?parent=195"}],"curies":[{"name":"wp","href":"https:\/\/api.w.org\/{rel}","templated":true}]}}